{"id":5530,"date":"2025-07-17T12:29:15","date_gmt":"2025-07-17T15:29:15","guid":{"rendered":"https:\/\/fghsaude.org.br\/home\/?page_id=5530"},"modified":"2025-07-18T15:25:19","modified_gmt":"2025-07-18T18:25:19","slug":"5530-2","status":"publish","type":"page","link":"https:\/\/fghsaude.org.br\/home\/gente-e-gestao\/5530-2\/","title":{"rendered":""},"content":{"rendered":"\n<figure class=\"wp-block-image size-large\"><img fetchpriority=\"high\" decoding=\"async\" width=\"800\" height=\"450\" src=\"https:\/\/fghsaude.org.br\/home\/wp-content\/uploads\/2025\/07\/FGH_Projeto_Na_Trilha-26-08-2024.png\" alt=\"\" class=\"wp-image-5532\" srcset=\"https:\/\/fghsaude.org.br\/home\/wp-content\/uploads\/2025\/07\/FGH_Projeto_Na_Trilha-26-08-2024.png 800w, https:\/\/fghsaude.org.br\/home\/wp-content\/uploads\/2025\/07\/FGH_Projeto_Na_Trilha-26-08-2024-300x169.png 300w, https:\/\/fghsaude.org.br\/home\/wp-content\/uploads\/2025\/07\/FGH_Projeto_Na_Trilha-26-08-2024-768x432.png 768w\" sizes=\"(max-width: 800px) 100vw, 800px\" \/><\/figure>\n\n\n\n<div style=\"height:30px\" aria-hidden=\"true\" class=\"wp-block-spacer\"><\/div>\n\n\n\n<p>A FGH acredita que o potencial de um profissional n\u00e3o se mede apenas pela sua experi\u00eancia, mas pelo desejo de aprender, pelo compromisso di\u00e1rio com o paciente e, mais importante, pela coragem de come\u00e7ar<\/p>\n\n\n\n<p>Em 2024, lan\u00e7amos o <strong>Na Trilha FGH<\/strong> \u2014 um projeto dedicado a quem ainda est\u00e1 dando seus primeiros passos na jornada da sa\u00fade, mas j\u00e1 carrega dentro de si a vontade de fazer a diferen\u00e7a.<\/p>\n\n\n\n<p class=\"has-text-color has-link-color has-large-font-size wp-elements-8e54f3b9e1972ce5a64a8245ae8a51e1\" style=\"color:#02a79d\"><strong>Nosso compromisso com o futuro do cuidado<\/strong><\/p>\n\n\n<div class=\"wp-block-image\">\n<figure class=\"alignleft size-large is-resized\"><img decoding=\"async\" width=\"1024\" height=\"1024\" src=\"https:\/\/fghsaude.org.br\/home\/wp-content\/uploads\/2025\/07\/1-3-1024x1024.png\" alt=\"\" class=\"wp-image-5536\" style=\"width:563px;height:auto\" srcset=\"https:\/\/fghsaude.org.br\/home\/wp-content\/uploads\/2025\/07\/1-3-1024x1024.png 1024w, https:\/\/fghsaude.org.br\/home\/wp-content\/uploads\/2025\/07\/1-3-300x300.png 300w, https:\/\/fghsaude.org.br\/home\/wp-content\/uploads\/2025\/07\/1-3-150x150.png 150w, https:\/\/fghsaude.org.br\/home\/wp-content\/uploads\/2025\/07\/1-3-768x768.png 768w, https:\/\/fghsaude.org.br\/home\/wp-content\/uploads\/2025\/07\/1-3.png 1080w\" sizes=\"(max-width: 1024px) 100vw, 1024px\" \/><\/figure>\n<\/div>\n\n\n<p><\/p>\n\n\n\n<p>O Na Trilha FGH foi criado para promover a inser\u00e7\u00e3o de profissionais rec\u00e9m-formados nas unidades da Rede, principalmente nos servi\u00e7os hospitalares. Desse modo, \u00e9 destinado a profissionais com at\u00e9 dois anos de forma\u00e7\u00e3o nas \u00e1reas de Enfermagem, Fisioterapia ou T\u00e9cnico de Enfermagem. <\/p>\n\n\n\n<p>A ideia \u00e9 contribuir para o desenvolvimento t\u00e9cnico e comportamental desses profissionais, fortalecendo o setor da sa\u00fade com novos talentos e incentivando o crescimento de profissionais sem experi\u00eancia.<\/p>\n\n\n\n<div style=\"height:40px\" aria-hidden=\"true\" class=\"wp-block-spacer\"><\/div>\n\n\n\n<div style=\"height:40px\" aria-hidden=\"true\" class=\"wp-block-spacer\"><\/div>\n\n\n\n<p class=\"has-text-color has-link-color has-large-font-size wp-elements-bb5ca43b9dfce0a4b75e1b55a3dfb979\" style=\"color:#02a79d\"><strong>Porque trilhar esse caminho?<\/strong><\/p>\n\n\n\n<p>A proposta do Na Trilha FGH vai al\u00e9m do primeiro emprego. \u00c9 mais sobre criar oportunidades reais de aprendizado, desenvolver compet\u00eancias essenciais para a pr\u00e1tica profissional e construir, desde o come\u00e7o, um senso de pertencimento com a cultura do cuidado.<\/p>\n\n\n\n<p>A parte central do programa est\u00e1 no desenvolvimento profissional e na experi\u00eancia vivenciada dentro do projeto, por isso, os participantes s\u00e3o capacitados e acompanhados para assegurar o desenvolvimento n\u00e3o s\u00f3 de compet\u00eancias t\u00e9cnicas, mas de comportamentais.<\/p>\n\n\n\n<div style=\"height:40px\" aria-hidden=\"true\" class=\"wp-block-spacer\"><\/div>\n\n\n\n<p class=\"has-text-color has-link-color has-large-font-size wp-elements-ad3045dcc86ec832eb21baaf547e7398\" style=\"color:#02a79d\"><strong>Como ser\u00e1 sua jornada Na Trilha<\/strong><\/p>\n\n\n\n<div class=\"wp-block-group\"><div class=\"wp-block-group__inner-container is-layout-constrained wp-block-group-is-layout-constrained\"><div class=\"wp-block-image\">\n<figure class=\"alignright size-large is-resized\"><img decoding=\"async\" width=\"1024\" height=\"1024\" src=\"https:\/\/fghsaude.org.br\/home\/wp-content\/uploads\/2025\/07\/2-5-1024x1024.png\" alt=\"\" class=\"wp-image-5550\" style=\"width:486px;height:auto\" srcset=\"https:\/\/fghsaude.org.br\/home\/wp-content\/uploads\/2025\/07\/2-5-1024x1024.png 1024w, https:\/\/fghsaude.org.br\/home\/wp-content\/uploads\/2025\/07\/2-5-300x300.png 300w, https:\/\/fghsaude.org.br\/home\/wp-content\/uploads\/2025\/07\/2-5-150x150.png 150w, https:\/\/fghsaude.org.br\/home\/wp-content\/uploads\/2025\/07\/2-5-768x768.png 768w, https:\/\/fghsaude.org.br\/home\/wp-content\/uploads\/2025\/07\/2-5.png 1080w\" sizes=\"(max-width: 1024px) 100vw, 1024px\" \/><\/figure>\n<\/div>\n\n\n<p><\/p>\n\n\n\n<p>Entrar para o Na Trilha FGH \u00e9 iniciar uma trajet\u00f3ria de crescimento profissional e pessoal, planejada para transformar rec\u00e9m-formados em profissionais preparados para os desafios da sa\u00fade. <\/p>\n\n\n\n<p>Desde o primeiro contato, cada participante \u00e9 acolhido e acompanha uma trilha estruturada de desenvolvimento, que vai muito al\u00e9m do treinamento t\u00e9cnico \u2014 inclui viv\u00eancias reais, acompanhamento pr\u00f3ximo e avalia\u00e7\u00f5es cont\u00ednuas que valorizam a evolu\u00e7\u00e3o individual.<\/p>\n<\/div><\/div>\n\n\n\n<p><\/p>\n\n\n\n<div style=\"height:30px\" aria-hidden=\"true\" class=\"wp-block-spacer\"><\/div>\n\n\n\n<div class=\"wp-block-group has-background is-layout-grid wp-container-core-group-is-layout-ba135d90 wp-block-group-is-layout-grid\" style=\"background-color:#02a79d\">\n<div style=\"height:0px;width:132px\" aria-hidden=\"true\" class=\"wp-block-spacer wp-container-content-e4b5e493\"><\/div>\n<\/div>\n\n\n\n<div class=\"wp-block-columns has-background is-layout-flex wp-container-core-columns-is-layout-9d6595d7 wp-block-columns-is-layout-flex\" style=\"background-color:#02a79d\">\n<div class=\"wp-block-column has-background is-layout-flow wp-block-column-is-layout-flow\" style=\"background-color:#02a79d;flex-basis:100%\">\n<hr class=\"wp-block-separator has-text-color has-alpha-channel-opacity has-background is-style-default\" style=\"background-color:#02a79d;color:#02a79d\"\/>\n<\/div>\n<\/div>\n\n\n\n<div style=\"height:42px\" aria-hidden=\"true\" class=\"wp-block-spacer\"><\/div>\n\n\n\n<div style=\"height:40px\" aria-hidden=\"true\" class=\"wp-block-spacer\"><\/div>\n\n\n\n<p class=\"has-text-color has-link-color has-large-font-size wp-elements-075130e5cf568f83e6c7da03ac0b20df\" style=\"color:#02a79d\"><strong>A FGH estar\u00e1 lado a lado com voc\u00ea<\/strong><\/p>\n\n\n\n<div class=\"wp-block-media-text is-stacked-on-mobile\"><figure class=\"wp-block-media-text__media\"><img loading=\"lazy\" decoding=\"async\" width=\"1024\" height=\"1024\" src=\"https:\/\/fghsaude.org.br\/home\/wp-content\/uploads\/2025\/07\/Design-sem-nome-2-1024x1024.png\" alt=\"\" class=\"wp-image-5591 size-full\" srcset=\"https:\/\/fghsaude.org.br\/home\/wp-content\/uploads\/2025\/07\/Design-sem-nome-2-1024x1024.png 1024w, https:\/\/fghsaude.org.br\/home\/wp-content\/uploads\/2025\/07\/Design-sem-nome-2-300x300.png 300w, https:\/\/fghsaude.org.br\/home\/wp-content\/uploads\/2025\/07\/Design-sem-nome-2-150x150.png 150w, https:\/\/fghsaude.org.br\/home\/wp-content\/uploads\/2025\/07\/Design-sem-nome-2-768x768.png 768w, https:\/\/fghsaude.org.br\/home\/wp-content\/uploads\/2025\/07\/Design-sem-nome-2.png 1080w\" sizes=\"(max-width: 1024px) 100vw, 1024px\" \/><\/figure><div class=\"wp-block-media-text__content\">\n<p class=\"has-medium-font-size\">Durante os sete primeiros meses de atua\u00e7\u00e3o, cada profissional do Na Trilha conta com o suporte pr\u00f3ximo de um padrinho\/madrinha para acompanhar o progresso e oferecer apoio pr\u00e1tico e emocional.<\/p>\n\n\n\n<p class=\"has-medium-font-size\">Os padrinhos e madrinhas s\u00e3o profissionais experientes que assumem um papel fundamental no acolhimento e desenvolvimento dos novos colaboradores. A miss\u00e3o deles \u00e9 compartilhar experi\u00eancia e monitorar o progresso durante o per\u00edodo de adapta\u00e7\u00e3o.<\/p>\n<\/div><\/div>\n\n\n\n<div style=\"height:50px\" aria-hidden=\"true\" class=\"wp-block-spacer\"><\/div>\n\n\n\n<p class=\"has-text-color has-link-color has-large-font-size wp-elements-52c3f6842d7f955bf7ea74801259aa1f\" style=\"color:#02a79d\"><strong>Crit\u00e9rios de elegibilidade:<\/strong><\/p>\n\n\n\n<p class=\"has-text-color has-link-color has-medium-font-size wp-elements-6afd7eceb36789f81a2cf10909f29ad2\" style=\"color:#02a79d\"><strong>Processo Externo:<\/strong><\/p>\n\n\n\n<ul class=\"wp-block-list\">\n<li>Forma\u00e7\u00e3o conclu\u00edda h\u00e1 menos de 2 anos<\/li>\n<\/ul>\n\n\n\n<ul class=\"wp-block-list\">\n<li>Forma\u00e7\u00e3o em Enfermagem, Fisioterapia ou T\u00e9cnico de Enfermagem<\/li>\n<\/ul>\n\n\n\n<ul class=\"wp-block-list\">\n<li>Certificado de conclus\u00e3o de curso e registro no conselho da \u00e1rea<\/li>\n<\/ul>\n\n\n\n<ul class=\"wp-block-list\">\n<li>Experi\u00eancia profissional m\u00e1xima de 1 ano<\/li>\n<\/ul>\n\n\n\n<ul class=\"wp-block-list\">\n<li>Aprova\u00e7\u00e3o em todas as etapas do processo seletivo FGH<\/li>\n<\/ul>\n\n\n\n<div style=\"height:25px\" aria-hidden=\"true\" class=\"wp-block-spacer\"><\/div>\n\n\n\n<p class=\"has-text-color has-link-color has-medium-font-size wp-elements-1fc19131fc6e30a7a3782f93aedc4002\" style=\"color:#02a79d\"><strong>Processo Interno<\/strong> (colaborador que j\u00e1 atua na Rede):<\/p>\n\n\n\n<ul class=\"wp-block-list\">\n<li>Cumprir os crit\u00e9rios acima <\/li>\n<\/ul>\n\n\n\n<ul class=\"wp-block-list\">\n<li>Atender aos requisitos da Pol\u00edtica de Recrutamento Interno<em> &#8220;Prata da Casa<\/em>&#8220;<\/li>\n<\/ul>\n\n\n\n<div style=\"height:23px\" aria-hidden=\"true\" class=\"wp-block-spacer\"><\/div>\n\n\n\n<div class=\"wp-block-group has-black-background-color has-background\"><div class=\"wp-block-group__inner-container is-layout-constrained wp-block-group-is-layout-constrained\">\n<p class=\"has-white-color has-text-color has-background has-link-color wp-elements-7ada726fd755177db458cc8ecbd7a23f\" style=\"background-color:#02a79d;font-style:normal;font-weight:200\"><strong>Fique atento ou atenta \u00e0s vagas publicadas em nosso portal de Recrutamento e Sele\u00e7\u00e3o: <a href=\"https:\/\/fghsaude.selecty.com.br\/\">https:\/\/fghsaude.selecty.com.br\/<\/a><\/strong><\/p>\n<\/div><\/div>\n\n\n\n<p><\/p>\n\n\n\n<p><\/p>\n","protected":false},"excerpt":{"rendered":"<p>A FGH acredita que o potencial de um profissional n\u00e3o se mede apenas pela sua experi\u00eancia, mas pelo desejo de [&hellip;]<\/p>\n","protected":false},"author":5,"featured_media":0,"parent":20,"menu_order":0,"comment_status":"closed","ping_status":"closed","template":"sub-servicos.php","meta":{"footnotes":""},"class_list":["post-5530","page","type-page","status-publish","hentry"],"yoast_head":"<!-- This site is optimized with the Yoast SEO plugin v27.4 - https:\/\/yoast.com\/product\/yoast-seo-wordpress\/ -->\n<title>- FGH \/ Funda&ccedil;&atilde;o Gest&atilde;o Hospitalar Martiniano Fernandes<\/title>\n<meta name=\"robots\" content=\"index, follow, max-snippet:-1, max-image-preview:large, max-video-preview:-1\" \/>\n<link rel=\"canonical\" href=\"https:\/\/fghsaude.org.br\/home\/gente-e-gestao\/5530-2\/\" \/>\n<meta property=\"og:locale\" content=\"pt_BR\" \/>\n<meta property=\"og:type\" content=\"article\" \/>\n<meta property=\"og:title\" content=\"- FGH \/ Funda&ccedil;&atilde;o Gest&atilde;o Hospitalar Martiniano Fernandes\" \/>\n<meta property=\"og:description\" content=\"A FGH acredita que o potencial de um profissional n\u00e3o se mede apenas pela sua experi\u00eancia, mas pelo desejo de [&hellip;]\" \/>\n<meta property=\"og:url\" content=\"https:\/\/fghsaude.org.br\/home\/gente-e-gestao\/5530-2\/\" \/>\n<meta property=\"og:site_name\" content=\"FGH \/ Funda&ccedil;&atilde;o Gest&atilde;o Hospitalar Martiniano Fernandes\" \/>\n<meta property=\"article:modified_time\" content=\"2025-07-18T18:25:19+00:00\" \/>\n<meta property=\"og:image\" content=\"https:\/\/fghsaude.org.br\/home\/wp-content\/uploads\/2025\/07\/FGH_Projeto_Na_Trilha-26-08-2024.png\" \/>\n\t<meta property=\"og:image:width\" content=\"800\" \/>\n\t<meta property=\"og:image:height\" content=\"450\" \/>\n\t<meta property=\"og:image:type\" content=\"image\/png\" \/>\n<meta name=\"twitter:card\" content=\"summary_large_image\" \/>\n<meta name=\"twitter:label1\" content=\"Est. tempo de leitura\" \/>\n\t<meta name=\"twitter:data1\" content=\"4 minutos\" \/>\n<script type=\"application\/ld+json\" class=\"yoast-schema-graph\">{\"@context\":\"https:\\\/\\\/schema.org\",\"@graph\":[{\"@type\":\"WebPage\",\"@id\":\"https:\\\/\\\/fghsaude.org.br\\\/home\\\/gente-e-gestao\\\/5530-2\\\/\",\"url\":\"https:\\\/\\\/fghsaude.org.br\\\/home\\\/gente-e-gestao\\\/5530-2\\\/\",\"name\":\"- FGH \\\/ Funda&ccedil;&atilde;o Gest&atilde;o Hospitalar Martiniano Fernandes\",\"isPartOf\":{\"@id\":\"https:\\\/\\\/fghsaude.org.br\\\/home\\\/#website\"},\"primaryImageOfPage\":{\"@id\":\"https:\\\/\\\/fghsaude.org.br\\\/home\\\/gente-e-gestao\\\/5530-2\\\/#primaryimage\"},\"image\":{\"@id\":\"https:\\\/\\\/fghsaude.org.br\\\/home\\\/gente-e-gestao\\\/5530-2\\\/#primaryimage\"},\"thumbnailUrl\":\"https:\\\/\\\/fghsaude.org.br\\\/home\\\/wp-content\\\/uploads\\\/2025\\\/07\\\/FGH_Projeto_Na_Trilha-26-08-2024.png\",\"datePublished\":\"2025-07-17T15:29:15+00:00\",\"dateModified\":\"2025-07-18T18:25:19+00:00\",\"breadcrumb\":{\"@id\":\"https:\\\/\\\/fghsaude.org.br\\\/home\\\/gente-e-gestao\\\/5530-2\\\/#breadcrumb\"},\"inLanguage\":\"pt-BR\",\"potentialAction\":[{\"@type\":\"ReadAction\",\"target\":[\"https:\\\/\\\/fghsaude.org.br\\\/home\\\/gente-e-gestao\\\/5530-2\\\/\"]}]},{\"@type\":\"ImageObject\",\"inLanguage\":\"pt-BR\",\"@id\":\"https:\\\/\\\/fghsaude.org.br\\\/home\\\/gente-e-gestao\\\/5530-2\\\/#primaryimage\",\"url\":\"https:\\\/\\\/fghsaude.org.br\\\/home\\\/wp-content\\\/uploads\\\/2025\\\/07\\\/FGH_Projeto_Na_Trilha-26-08-2024.png\",\"contentUrl\":\"https:\\\/\\\/fghsaude.org.br\\\/home\\\/wp-content\\\/uploads\\\/2025\\\/07\\\/FGH_Projeto_Na_Trilha-26-08-2024.png\",\"width\":800,\"height\":450},{\"@type\":\"BreadcrumbList\",\"@id\":\"https:\\\/\\\/fghsaude.org.br\\\/home\\\/gente-e-gestao\\\/5530-2\\\/#breadcrumb\",\"itemListElement\":[{\"@type\":\"ListItem\",\"position\":1,\"name\":\"In\u00edcio\",\"item\":\"https:\\\/\\\/fghsaude.org.br\\\/home\\\/\"},{\"@type\":\"ListItem\",\"position\":2,\"name\":\"Gente e gest\u00e3o\",\"item\":\"https:\\\/\\\/fghsaude.org.br\\\/home\\\/gente-e-gestao\\\/\"}]},{\"@type\":\"WebSite\",\"@id\":\"https:\\\/\\\/fghsaude.org.br\\\/home\\\/#website\",\"url\":\"https:\\\/\\\/fghsaude.org.br\\\/home\\\/\",\"name\":\"FGH \\\/ Funda&ccedil;&atilde;o Gest&atilde;o Hospitalar Martiniano Fernandes\",\"description\":\"Site da Funda&ccedil;&atilde;o Gest&atilde;o Hospitalar Martiniano Fernandes\",\"publisher\":{\"@id\":\"https:\\\/\\\/fghsaude.org.br\\\/home\\\/#organization\"},\"potentialAction\":[{\"@type\":\"SearchAction\",\"target\":{\"@type\":\"EntryPoint\",\"urlTemplate\":\"https:\\\/\\\/fghsaude.org.br\\\/home\\\/?s={search_term_string}\"},\"query-input\":{\"@type\":\"PropertyValueSpecification\",\"valueRequired\":true,\"valueName\":\"search_term_string\"}}],\"inLanguage\":\"pt-BR\"},{\"@type\":\"Organization\",\"@id\":\"https:\\\/\\\/fghsaude.org.br\\\/home\\\/#organization\",\"name\":\"FGH \\\/ Funda&ccedil;&atilde;o Gest&atilde;o Hospitalar Martiniano Fernandes\",\"url\":\"https:\\\/\\\/fghsaude.org.br\\\/home\\\/\",\"logo\":{\"@type\":\"ImageObject\",\"inLanguage\":\"pt-BR\",\"@id\":\"https:\\\/\\\/fghsaude.org.br\\\/home\\\/#\\\/schema\\\/logo\\\/image\\\/\",\"url\":\"https:\\\/\\\/fghsaude.org.br\\\/home\\\/wp-content\\\/uploads\\\/2022\\\/11\\\/logotipo.png\",\"contentUrl\":\"https:\\\/\\\/fghsaude.org.br\\\/home\\\/wp-content\\\/uploads\\\/2022\\\/11\\\/logotipo.png\",\"width\":182,\"height\":47,\"caption\":\"FGH \\\/ Funda&ccedil;&atilde;o Gest&atilde;o Hospitalar Martiniano Fernandes\"},\"image\":{\"@id\":\"https:\\\/\\\/fghsaude.org.br\\\/home\\\/#\\\/schema\\\/logo\\\/image\\\/\"},\"sameAs\":[\"https:\\\/\\\/www.instagram.com\\\/fghsaude\\\/\"]}]}<\/script>\n<!-- \/ Yoast SEO plugin. -->","yoast_head_json":{"title":"- FGH \/ Funda&ccedil;&atilde;o Gest&atilde;o Hospitalar Martiniano Fernandes","robots":{"index":"index","follow":"follow","max-snippet":"max-snippet:-1","max-image-preview":"max-image-preview:large","max-video-preview":"max-video-preview:-1"},"canonical":"https:\/\/fghsaude.org.br\/home\/gente-e-gestao\/5530-2\/","og_locale":"pt_BR","og_type":"article","og_title":"- FGH \/ Funda&ccedil;&atilde;o Gest&atilde;o Hospitalar Martiniano Fernandes","og_description":"A FGH acredita que o potencial de um profissional n\u00e3o se mede apenas pela sua experi\u00eancia, mas pelo desejo de [&hellip;]","og_url":"https:\/\/fghsaude.org.br\/home\/gente-e-gestao\/5530-2\/","og_site_name":"FGH \/ Funda&ccedil;&atilde;o Gest&atilde;o Hospitalar Martiniano Fernandes","article_modified_time":"2025-07-18T18:25:19+00:00","og_image":[{"width":800,"height":450,"url":"https:\/\/fghsaude.org.br\/home\/wp-content\/uploads\/2025\/07\/FGH_Projeto_Na_Trilha-26-08-2024.png","type":"image\/png"}],"twitter_card":"summary_large_image","twitter_misc":{"Est. tempo de leitura":"4 minutos"},"schema":{"@context":"https:\/\/schema.org","@graph":[{"@type":"WebPage","@id":"https:\/\/fghsaude.org.br\/home\/gente-e-gestao\/5530-2\/","url":"https:\/\/fghsaude.org.br\/home\/gente-e-gestao\/5530-2\/","name":"- FGH \/ Funda&ccedil;&atilde;o Gest&atilde;o Hospitalar Martiniano Fernandes","isPartOf":{"@id":"https:\/\/fghsaude.org.br\/home\/#website"},"primaryImageOfPage":{"@id":"https:\/\/fghsaude.org.br\/home\/gente-e-gestao\/5530-2\/#primaryimage"},"image":{"@id":"https:\/\/fghsaude.org.br\/home\/gente-e-gestao\/5530-2\/#primaryimage"},"thumbnailUrl":"https:\/\/fghsaude.org.br\/home\/wp-content\/uploads\/2025\/07\/FGH_Projeto_Na_Trilha-26-08-2024.png","datePublished":"2025-07-17T15:29:15+00:00","dateModified":"2025-07-18T18:25:19+00:00","breadcrumb":{"@id":"https:\/\/fghsaude.org.br\/home\/gente-e-gestao\/5530-2\/#breadcrumb"},"inLanguage":"pt-BR","potentialAction":[{"@type":"ReadAction","target":["https:\/\/fghsaude.org.br\/home\/gente-e-gestao\/5530-2\/"]}]},{"@type":"ImageObject","inLanguage":"pt-BR","@id":"https:\/\/fghsaude.org.br\/home\/gente-e-gestao\/5530-2\/#primaryimage","url":"https:\/\/fghsaude.org.br\/home\/wp-content\/uploads\/2025\/07\/FGH_Projeto_Na_Trilha-26-08-2024.png","contentUrl":"https:\/\/fghsaude.org.br\/home\/wp-content\/uploads\/2025\/07\/FGH_Projeto_Na_Trilha-26-08-2024.png","width":800,"height":450},{"@type":"BreadcrumbList","@id":"https:\/\/fghsaude.org.br\/home\/gente-e-gestao\/5530-2\/#breadcrumb","itemListElement":[{"@type":"ListItem","position":1,"name":"In\u00edcio","item":"https:\/\/fghsaude.org.br\/home\/"},{"@type":"ListItem","position":2,"name":"Gente e gest\u00e3o","item":"https:\/\/fghsaude.org.br\/home\/gente-e-gestao\/"}]},{"@type":"WebSite","@id":"https:\/\/fghsaude.org.br\/home\/#website","url":"https:\/\/fghsaude.org.br\/home\/","name":"FGH \/ Funda&ccedil;&atilde;o Gest&atilde;o Hospitalar Martiniano Fernandes","description":"Site da Funda&ccedil;&atilde;o Gest&atilde;o Hospitalar Martiniano Fernandes","publisher":{"@id":"https:\/\/fghsaude.org.br\/home\/#organization"},"potentialAction":[{"@type":"SearchAction","target":{"@type":"EntryPoint","urlTemplate":"https:\/\/fghsaude.org.br\/home\/?s={search_term_string}"},"query-input":{"@type":"PropertyValueSpecification","valueRequired":true,"valueName":"search_term_string"}}],"inLanguage":"pt-BR"},{"@type":"Organization","@id":"https:\/\/fghsaude.org.br\/home\/#organization","name":"FGH \/ Funda&ccedil;&atilde;o Gest&atilde;o Hospitalar Martiniano Fernandes","url":"https:\/\/fghsaude.org.br\/home\/","logo":{"@type":"ImageObject","inLanguage":"pt-BR","@id":"https:\/\/fghsaude.org.br\/home\/#\/schema\/logo\/image\/","url":"https:\/\/fghsaude.org.br\/home\/wp-content\/uploads\/2022\/11\/logotipo.png","contentUrl":"https:\/\/fghsaude.org.br\/home\/wp-content\/uploads\/2022\/11\/logotipo.png","width":182,"height":47,"caption":"FGH \/ Funda&ccedil;&atilde;o Gest&atilde;o Hospitalar Martiniano Fernandes"},"image":{"@id":"https:\/\/fghsaude.org.br\/home\/#\/schema\/logo\/image\/"},"sameAs":["https:\/\/www.instagram.com\/fghsaude\/"]}]}},"_links":{"self":[{"href":"https:\/\/fghsaude.org.br\/home\/wp-json\/wp\/v2\/pages\/5530","targetHints":{"allow":["GET"]}}],"collection":[{"href":"https:\/\/fghsaude.org.br\/home\/wp-json\/wp\/v2\/pages"}],"about":[{"href":"https:\/\/fghsaude.org.br\/home\/wp-json\/wp\/v2\/types\/page"}],"author":[{"embeddable":true,"href":"https:\/\/fghsaude.org.br\/home\/wp-json\/wp\/v2\/users\/5"}],"replies":[{"embeddable":true,"href":"https:\/\/fghsaude.org.br\/home\/wp-json\/wp\/v2\/comments?post=5530"}],"version-history":[{"count":66,"href":"https:\/\/fghsaude.org.br\/home\/wp-json\/wp\/v2\/pages\/5530\/revisions"}],"predecessor-version":[{"id":5673,"href":"https:\/\/fghsaude.org.br\/home\/wp-json\/wp\/v2\/pages\/5530\/revisions\/5673"}],"up":[{"embeddable":true,"href":"https:\/\/fghsaude.org.br\/home\/wp-json\/wp\/v2\/pages\/20"}],"wp:attachment":[{"href":"https:\/\/fghsaude.org.br\/home\/wp-json\/wp\/v2\/media?parent=5530"}],"curies":[{"name":"wp","href":"https:\/\/api.w.org\/{rel}","templated":true}]}}