{"id":244,"date":"2022-04-11T16:27:09","date_gmt":"2022-04-11T19:27:09","guid":{"rendered":"http:\/\/localhost\/fgh\/?page_id=244"},"modified":"2023-02-09T11:07:02","modified_gmt":"2023-02-09T14:07:02","slug":"campanhas","status":"publish","type":"page","link":"https:\/\/fghsaude.org.br\/home\/comunicacao\/campanhas\/","title":{"rendered":"Campanhas"},"content":{"rendered":"\n<p>Mensalmente, as unidades de sa\u00fade sob gest\u00e3o FGH promovem uma s\u00e9rie de campanhas educativas para que sejam trabalhadas junto aos seus colaboradores, bem como aos usu\u00e1rios. Neste espa\u00e7o, voc\u00ea poder\u00e1 ter acesso aos principais materiais dessas a\u00e7\u00f5es, que podem ser baixados e utilizados em seu servi\u00e7o, como cartazes, banners, v\u00eddeos e demais materiais gr\u00e1ficos.<\/p>\n\n\n\n<p>Confira as pe\u00e7as do Fevereiro Roxo e Laranja, clicando <a href=\"https:\/\/imip-my.sharepoint.com\/:f:\/g\/personal\/beatriz_veiga_fghsaude_org_br\/Ep31yMEW9KVKlY86MVAC-YgBL3yGRBeD50nFVjiSBKyEkA?e=gSlWRc\"><strong>AQUI<\/strong><\/a>. <\/p>\n","protected":false},"excerpt":{"rendered":"<p>Mensalmente, as unidades de sa\u00fade sob gest\u00e3o FGH promovem uma s\u00e9rie de campanhas educativas para que sejam trabalhadas junto aos [&hellip;]<\/p>\n","protected":false},"author":1,"featured_media":33,"parent":19,"menu_order":0,"comment_status":"closed","ping_status":"closed","template":"","meta":{"footnotes":""},"class_list":["post-244","page","type-page","status-publish","has-post-thumbnail","hentry"],"yoast_head":"<!-- This site is optimized with the Yoast SEO plugin v27.4 - https:\/\/yoast.com\/product\/yoast-seo-wordpress\/ -->\n<title>Campanhas - FGH \/ Funda&ccedil;&atilde;o Gest&atilde;o Hospitalar Martiniano Fernandes<\/title>\n<meta name=\"robots\" content=\"index, follow, max-snippet:-1, max-image-preview:large, max-video-preview:-1\" \/>\n<link rel=\"canonical\" href=\"https:\/\/fghsaude.org.br\/home\/comunicacao\/campanhas\/\" \/>\n<meta property=\"og:locale\" content=\"pt_BR\" \/>\n<meta property=\"og:type\" content=\"article\" \/>\n<meta property=\"og:title\" content=\"Campanhas - FGH \/ Funda&ccedil;&atilde;o Gest&atilde;o Hospitalar Martiniano Fernandes\" \/>\n<meta property=\"og:description\" content=\"Mensalmente, as unidades de sa\u00fade sob gest\u00e3o FGH promovem uma s\u00e9rie de campanhas educativas para que sejam trabalhadas junto aos [&hellip;]\" \/>\n<meta property=\"og:url\" content=\"https:\/\/fghsaude.org.br\/home\/comunicacao\/campanhas\/\" \/>\n<meta property=\"og:site_name\" content=\"FGH \/ Funda&ccedil;&atilde;o Gest&atilde;o Hospitalar Martiniano Fernandes\" \/>\n<meta property=\"article:modified_time\" content=\"2023-02-09T14:07:02+00:00\" \/>\n<meta property=\"og:image\" content=\"https:\/\/fghsaude.org.br\/home\/wp-content\/uploads\/2022\/04\/bg-topo-interna.jpg\" \/>\n\t<meta property=\"og:image:width\" content=\"1920\" \/>\n\t<meta property=\"og:image:height\" content=\"264\" \/>\n\t<meta property=\"og:image:type\" content=\"image\/jpeg\" \/>\n<meta name=\"twitter:card\" content=\"summary_large_image\" \/>\n<meta name=\"twitter:label1\" content=\"Est. tempo de leitura\" \/>\n\t<meta name=\"twitter:data1\" content=\"1 minuto\" \/>\n<script type=\"application\/ld+json\" class=\"yoast-schema-graph\">{\"@context\":\"https:\\\/\\\/schema.org\",\"@graph\":[{\"@type\":\"WebPage\",\"@id\":\"https:\\\/\\\/fghsaude.org.br\\\/home\\\/comunicacao\\\/campanhas\\\/\",\"url\":\"https:\\\/\\\/fghsaude.org.br\\\/home\\\/comunicacao\\\/campanhas\\\/\",\"name\":\"Campanhas - FGH \\\/ Funda&ccedil;&atilde;o Gest&atilde;o Hospitalar Martiniano Fernandes\",\"isPartOf\":{\"@id\":\"https:\\\/\\\/fghsaude.org.br\\\/home\\\/#website\"},\"primaryImageOfPage\":{\"@id\":\"https:\\\/\\\/fghsaude.org.br\\\/home\\\/comunicacao\\\/campanhas\\\/#primaryimage\"},\"image\":{\"@id\":\"https:\\\/\\\/fghsaude.org.br\\\/home\\\/comunicacao\\\/campanhas\\\/#primaryimage\"},\"thumbnailUrl\":\"https:\\\/\\\/fghsaude.org.br\\\/home\\\/wp-content\\\/uploads\\\/2022\\\/04\\\/bg-topo-interna.jpg\",\"datePublished\":\"2022-04-11T19:27:09+00:00\",\"dateModified\":\"2023-02-09T14:07:02+00:00\",\"breadcrumb\":{\"@id\":\"https:\\\/\\\/fghsaude.org.br\\\/home\\\/comunicacao\\\/campanhas\\\/#breadcrumb\"},\"inLanguage\":\"pt-BR\",\"potentialAction\":[{\"@type\":\"ReadAction\",\"target\":[\"https:\\\/\\\/fghsaude.org.br\\\/home\\\/comunicacao\\\/campanhas\\\/\"]}]},{\"@type\":\"ImageObject\",\"inLanguage\":\"pt-BR\",\"@id\":\"https:\\\/\\\/fghsaude.org.br\\\/home\\\/comunicacao\\\/campanhas\\\/#primaryimage\",\"url\":\"https:\\\/\\\/fghsaude.org.br\\\/home\\\/wp-content\\\/uploads\\\/2022\\\/04\\\/bg-topo-interna.jpg\",\"contentUrl\":\"https:\\\/\\\/fghsaude.org.br\\\/home\\\/wp-content\\\/uploads\\\/2022\\\/04\\\/bg-topo-interna.jpg\",\"width\":1920,\"height\":264},{\"@type\":\"BreadcrumbList\",\"@id\":\"https:\\\/\\\/fghsaude.org.br\\\/home\\\/comunicacao\\\/campanhas\\\/#breadcrumb\",\"itemListElement\":[{\"@type\":\"ListItem\",\"position\":1,\"name\":\"In\u00edcio\",\"item\":\"https:\\\/\\\/fghsaude.org.br\\\/home\\\/\"},{\"@type\":\"ListItem\",\"position\":2,\"name\":\"Comunica\u00e7\u00e3o\",\"item\":\"https:\\\/\\\/fghsaude.org.br\\\/home\\\/comunicacao\\\/\"},{\"@type\":\"ListItem\",\"position\":3,\"name\":\"Campanhas\"}]},{\"@type\":\"WebSite\",\"@id\":\"https:\\\/\\\/fghsaude.org.br\\\/home\\\/#website\",\"url\":\"https:\\\/\\\/fghsaude.org.br\\\/home\\\/\",\"name\":\"FGH \\\/ Funda&ccedil;&atilde;o Gest&atilde;o Hospitalar Martiniano Fernandes\",\"description\":\"Site da Funda&ccedil;&atilde;o Gest&atilde;o Hospitalar Martiniano Fernandes\",\"publisher\":{\"@id\":\"https:\\\/\\\/fghsaude.org.br\\\/home\\\/#organization\"},\"potentialAction\":[{\"@type\":\"SearchAction\",\"target\":{\"@type\":\"EntryPoint\",\"urlTemplate\":\"https:\\\/\\\/fghsaude.org.br\\\/home\\\/?s={search_term_string}\"},\"query-input\":{\"@type\":\"PropertyValueSpecification\",\"valueRequired\":true,\"valueName\":\"search_term_string\"}}],\"inLanguage\":\"pt-BR\"},{\"@type\":\"Organization\",\"@id\":\"https:\\\/\\\/fghsaude.org.br\\\/home\\\/#organization\",\"name\":\"FGH \\\/ Funda&ccedil;&atilde;o Gest&atilde;o Hospitalar Martiniano Fernandes\",\"url\":\"https:\\\/\\\/fghsaude.org.br\\\/home\\\/\",\"logo\":{\"@type\":\"ImageObject\",\"inLanguage\":\"pt-BR\",\"@id\":\"https:\\\/\\\/fghsaude.org.br\\\/home\\\/#\\\/schema\\\/logo\\\/image\\\/\",\"url\":\"https:\\\/\\\/fghsaude.org.br\\\/home\\\/wp-content\\\/uploads\\\/2022\\\/11\\\/logotipo.png\",\"contentUrl\":\"https:\\\/\\\/fghsaude.org.br\\\/home\\\/wp-content\\\/uploads\\\/2022\\\/11\\\/logotipo.png\",\"width\":182,\"height\":47,\"caption\":\"FGH \\\/ Funda&ccedil;&atilde;o Gest&atilde;o Hospitalar Martiniano Fernandes\"},\"image\":{\"@id\":\"https:\\\/\\\/fghsaude.org.br\\\/home\\\/#\\\/schema\\\/logo\\\/image\\\/\"},\"sameAs\":[\"https:\\\/\\\/www.instagram.com\\\/fghsaude\\\/\"]}]}<\/script>\n<!-- \/ Yoast SEO plugin. -->","yoast_head_json":{"title":"Campanhas - FGH \/ Funda&ccedil;&atilde;o Gest&atilde;o Hospitalar Martiniano Fernandes","robots":{"index":"index","follow":"follow","max-snippet":"max-snippet:-1","max-image-preview":"max-image-preview:large","max-video-preview":"max-video-preview:-1"},"canonical":"https:\/\/fghsaude.org.br\/home\/comunicacao\/campanhas\/","og_locale":"pt_BR","og_type":"article","og_title":"Campanhas - FGH \/ Funda&ccedil;&atilde;o Gest&atilde;o Hospitalar Martiniano Fernandes","og_description":"Mensalmente, as unidades de sa\u00fade sob gest\u00e3o FGH promovem uma s\u00e9rie de campanhas educativas para que sejam trabalhadas junto aos [&hellip;]","og_url":"https:\/\/fghsaude.org.br\/home\/comunicacao\/campanhas\/","og_site_name":"FGH \/ Funda&ccedil;&atilde;o Gest&atilde;o Hospitalar Martiniano Fernandes","article_modified_time":"2023-02-09T14:07:02+00:00","og_image":[{"width":1920,"height":264,"url":"https:\/\/fghsaude.org.br\/home\/wp-content\/uploads\/2022\/04\/bg-topo-interna.jpg","type":"image\/jpeg"}],"twitter_card":"summary_large_image","twitter_misc":{"Est. tempo de leitura":"1 minuto"},"schema":{"@context":"https:\/\/schema.org","@graph":[{"@type":"WebPage","@id":"https:\/\/fghsaude.org.br\/home\/comunicacao\/campanhas\/","url":"https:\/\/fghsaude.org.br\/home\/comunicacao\/campanhas\/","name":"Campanhas - FGH \/ Funda&ccedil;&atilde;o Gest&atilde;o Hospitalar Martiniano Fernandes","isPartOf":{"@id":"https:\/\/fghsaude.org.br\/home\/#website"},"primaryImageOfPage":{"@id":"https:\/\/fghsaude.org.br\/home\/comunicacao\/campanhas\/#primaryimage"},"image":{"@id":"https:\/\/fghsaude.org.br\/home\/comunicacao\/campanhas\/#primaryimage"},"thumbnailUrl":"https:\/\/fghsaude.org.br\/home\/wp-content\/uploads\/2022\/04\/bg-topo-interna.jpg","datePublished":"2022-04-11T19:27:09+00:00","dateModified":"2023-02-09T14:07:02+00:00","breadcrumb":{"@id":"https:\/\/fghsaude.org.br\/home\/comunicacao\/campanhas\/#breadcrumb"},"inLanguage":"pt-BR","potentialAction":[{"@type":"ReadAction","target":["https:\/\/fghsaude.org.br\/home\/comunicacao\/campanhas\/"]}]},{"@type":"ImageObject","inLanguage":"pt-BR","@id":"https:\/\/fghsaude.org.br\/home\/comunicacao\/campanhas\/#primaryimage","url":"https:\/\/fghsaude.org.br\/home\/wp-content\/uploads\/2022\/04\/bg-topo-interna.jpg","contentUrl":"https:\/\/fghsaude.org.br\/home\/wp-content\/uploads\/2022\/04\/bg-topo-interna.jpg","width":1920,"height":264},{"@type":"BreadcrumbList","@id":"https:\/\/fghsaude.org.br\/home\/comunicacao\/campanhas\/#breadcrumb","itemListElement":[{"@type":"ListItem","position":1,"name":"In\u00edcio","item":"https:\/\/fghsaude.org.br\/home\/"},{"@type":"ListItem","position":2,"name":"Comunica\u00e7\u00e3o","item":"https:\/\/fghsaude.org.br\/home\/comunicacao\/"},{"@type":"ListItem","position":3,"name":"Campanhas"}]},{"@type":"WebSite","@id":"https:\/\/fghsaude.org.br\/home\/#website","url":"https:\/\/fghsaude.org.br\/home\/","name":"FGH \/ Funda&ccedil;&atilde;o Gest&atilde;o Hospitalar Martiniano Fernandes","description":"Site da Funda&ccedil;&atilde;o Gest&atilde;o Hospitalar Martiniano Fernandes","publisher":{"@id":"https:\/\/fghsaude.org.br\/home\/#organization"},"potentialAction":[{"@type":"SearchAction","target":{"@type":"EntryPoint","urlTemplate":"https:\/\/fghsaude.org.br\/home\/?s={search_term_string}"},"query-input":{"@type":"PropertyValueSpecification","valueRequired":true,"valueName":"search_term_string"}}],"inLanguage":"pt-BR"},{"@type":"Organization","@id":"https:\/\/fghsaude.org.br\/home\/#organization","name":"FGH \/ Funda&ccedil;&atilde;o Gest&atilde;o Hospitalar Martiniano Fernandes","url":"https:\/\/fghsaude.org.br\/home\/","logo":{"@type":"ImageObject","inLanguage":"pt-BR","@id":"https:\/\/fghsaude.org.br\/home\/#\/schema\/logo\/image\/","url":"https:\/\/fghsaude.org.br\/home\/wp-content\/uploads\/2022\/11\/logotipo.png","contentUrl":"https:\/\/fghsaude.org.br\/home\/wp-content\/uploads\/2022\/11\/logotipo.png","width":182,"height":47,"caption":"FGH \/ Funda&ccedil;&atilde;o Gest&atilde;o Hospitalar Martiniano Fernandes"},"image":{"@id":"https:\/\/fghsaude.org.br\/home\/#\/schema\/logo\/image\/"},"sameAs":["https:\/\/www.instagram.com\/fghsaude\/"]}]}},"_links":{"self":[{"href":"https:\/\/fghsaude.org.br\/home\/wp-json\/wp\/v2\/pages\/244","targetHints":{"allow":["GET"]}}],"collection":[{"href":"https:\/\/fghsaude.org.br\/home\/wp-json\/wp\/v2\/pages"}],"about":[{"href":"https:\/\/fghsaude.org.br\/home\/wp-json\/wp\/v2\/types\/page"}],"author":[{"embeddable":true,"href":"https:\/\/fghsaude.org.br\/home\/wp-json\/wp\/v2\/users\/1"}],"replies":[{"embeddable":true,"href":"https:\/\/fghsaude.org.br\/home\/wp-json\/wp\/v2\/comments?post=244"}],"version-history":[{"count":4,"href":"https:\/\/fghsaude.org.br\/home\/wp-json\/wp\/v2\/pages\/244\/revisions"}],"predecessor-version":[{"id":1832,"href":"https:\/\/fghsaude.org.br\/home\/wp-json\/wp\/v2\/pages\/244\/revisions\/1832"}],"up":[{"embeddable":true,"href":"https:\/\/fghsaude.org.br\/home\/wp-json\/wp\/v2\/pages\/19"}],"wp:featuredmedia":[{"embeddable":true,"href":"https:\/\/fghsaude.org.br\/home\/wp-json\/wp\/v2\/media\/33"}],"wp:attachment":[{"href":"https:\/\/fghsaude.org.br\/home\/wp-json\/wp\/v2\/media?parent=244"}],"curies":[{"name":"wp","href":"https:\/\/api.w.org\/{rel}","templated":true}]}}