{"id":24,"date":"2022-04-07T11:25:40","date_gmt":"2022-04-07T14:25:40","guid":{"rendered":"http:\/\/localhost\/fgh\/?page_id=24"},"modified":"2025-10-01T16:53:30","modified_gmt":"2025-10-01T19:53:30","slug":"compliance","status":"publish","type":"page","link":"https:\/\/fghsaude.org.br\/home\/compliance\/","title":{"rendered":"Nosso programa de Compliance"},"content":{"rendered":"<div class=\"wp-block-image\">\n<figure class=\"aligncenter size-large\"><img fetchpriority=\"high\" decoding=\"async\" width=\"724\" height=\"1024\" src=\"https:\/\/fghsaude.org.br\/home\/wp-content\/uploads\/2025\/09\/CARTA.COMPLIANCE-2025-724x1024.png\" alt=\"\" class=\"wp-image-6082\" srcset=\"https:\/\/fghsaude.org.br\/home\/wp-content\/uploads\/2025\/09\/CARTA.COMPLIANCE-2025-724x1024.png 724w, https:\/\/fghsaude.org.br\/home\/wp-content\/uploads\/2025\/09\/CARTA.COMPLIANCE-2025-212x300.png 212w, https:\/\/fghsaude.org.br\/home\/wp-content\/uploads\/2025\/09\/CARTA.COMPLIANCE-2025-768x1086.png 768w, https:\/\/fghsaude.org.br\/home\/wp-content\/uploads\/2025\/09\/CARTA.COMPLIANCE-2025.png 794w\" sizes=\"(max-width: 724px) 100vw, 724px\" \/><\/figure>\n<\/div>\n\n\n<div style=\"height:43px\" aria-hidden=\"true\" class=\"wp-block-spacer\"><\/div>\n\n\n\n<p>Compliance significa trabalhar de acordo com as leis, regras e regulamentos. Neste sentido, a Funda\u00e7\u00e3o Gest\u00e3o Hospitalar Martiniano Fernandes tem o compromisso de conduzir de forma \u00edntegra, \u00e9tica e transparente, todos os nossos processos, por meio do Programa de Integridade e Antissuborno da FGH.<\/p>\n\n\n\n<p>Com ele, garantimos a ado\u00e7\u00e3o de um elevado padr\u00e3o de integridade, legalidade e transpar\u00eancia, n\u00e3o s\u00f3 combatendo e punindo atos lesivos e desvios de conduta, mas tamb\u00e9m refor\u00e7ando a forma\u00e7\u00e3o de uma cultura de integridade e conformidade por parte de todos os nossos colaboradores, sem hierarquia e distin\u00e7\u00e3o, bem como de nossos prestadores de servi\u00e7os e fornecedores.<\/p>\n\n\n\n<div style=\"height:13px\" aria-hidden=\"true\" class=\"wp-block-spacer\"><\/div>\n\n\n\n<p>A Funda\u00e7\u00e3o Gest\u00e3o Hospitalar Martiniano Fernandes n\u00e3o realiza patroc\u00ednios nem doa\u00e7\u00f5es.<\/p>\n\n\n\n<p><strong>Acesse abaixo os manuais preparados pelo nosso time de Compliance e Integridade:<\/strong><\/p>\n\n\n\n<p><strong><a href=\"https:\/\/imip-my.sharepoint.com\/:b:\/g\/personal\/ascom_fghsaude_org_br\/ESlg0cS2HRBEnQCwZVGRZzIBKNsQlVXY3tEIv5lSsRFsXQ?e=hxDIe9\" target=\"_blank\" rel=\"noreferrer noopener\">Manual de Condutas e Normas \u00c9ticas<\/a><\/strong><\/p>\n\n\n\n<p><strong><a href=\"https:\/\/imip-my.sharepoint.com\/:b:\/g\/personal\/ascom_fghsaude_org_br\/ES7oxr_A-D5ErKMzmx7NUnIBapBU6xDldfhxc9QzfJKpYg?e=lHT3c7\" target=\"_blank\" rel=\"noreferrer noopener\">Pol\u00edtica de Anticorrup\u00e7\u00e3o e Antissuborno<\/a><\/strong><\/p>\n\n\n\n<p><\/p>\n\n\n\n<p><strong>DENUNCIE<\/strong> &#8211; A FGH tamb\u00e9m conta com um Canal de Den\u00fancias externo destinado aos seus colaboradores, fornecedores, clientes e terceiros. O objetivo \u00e9 garantir a comunica\u00e7\u00e3o de pr\u00e1ticas suspeitas ou n\u00e3o \u00e9ticas.<\/p>\n\n\n\n<p>O sigilo da sua identidade e informa\u00e7\u00f5es ser\u00e1 resguardado na forma da lei. Acesse abaixo:<\/p>\n\n\n\n<p><strong><a href=\"https:\/\/www.canalconfidencial.com.br\/fghsaude\/\" target=\"_blank\" rel=\"noreferrer noopener\">Canal de den\u00fancias<\/a><\/strong><\/p>\n","protected":false},"excerpt":{"rendered":"<p>Compliance significa trabalhar de acordo com as leis, regras e regulamentos. Neste sentido, a Funda\u00e7\u00e3o Gest\u00e3o Hospitalar Martiniano Fernandes tem [&hellip;]<\/p>\n","protected":false},"author":1,"featured_media":33,"parent":0,"menu_order":0,"comment_status":"closed","ping_status":"closed","template":"modelo-uma-coluna.php","meta":{"footnotes":""},"class_list":["post-24","page","type-page","status-publish","has-post-thumbnail","hentry"],"yoast_head":"<!-- This site is optimized with the Yoast SEO plugin v27.6 - https:\/\/yoast.com\/product\/yoast-seo-wordpress\/ -->\n<title>Nosso programa de Compliance - FGH \/ Funda&ccedil;&atilde;o Gest&atilde;o Hospitalar Martiniano Fernandes<\/title>\n<meta name=\"robots\" content=\"index, follow, max-snippet:-1, max-image-preview:large, max-video-preview:-1\" \/>\n<link rel=\"canonical\" href=\"https:\/\/fghsaude.org.br\/home\/compliance\/\" \/>\n<meta property=\"og:locale\" content=\"pt_BR\" \/>\n<meta property=\"og:type\" content=\"article\" \/>\n<meta property=\"og:title\" content=\"Nosso programa de Compliance - FGH \/ Funda&ccedil;&atilde;o Gest&atilde;o Hospitalar Martiniano Fernandes\" \/>\n<meta property=\"og:description\" content=\"Compliance significa trabalhar de acordo com as leis, regras e regulamentos. Neste sentido, a Funda\u00e7\u00e3o Gest\u00e3o Hospitalar Martiniano Fernandes tem [&hellip;]\" \/>\n<meta property=\"og:url\" content=\"https:\/\/fghsaude.org.br\/home\/compliance\/\" \/>\n<meta property=\"og:site_name\" content=\"FGH \/ Funda&ccedil;&atilde;o Gest&atilde;o Hospitalar Martiniano Fernandes\" \/>\n<meta property=\"article:modified_time\" content=\"2025-10-01T19:53:30+00:00\" \/>\n<meta property=\"og:image\" content=\"https:\/\/fghsaude.org.br\/home\/wp-content\/uploads\/2022\/04\/bg-topo-interna.jpg\" \/>\n\t<meta property=\"og:image:width\" content=\"1920\" \/>\n\t<meta property=\"og:image:height\" content=\"264\" \/>\n\t<meta property=\"og:image:type\" content=\"image\/jpeg\" \/>\n<meta name=\"twitter:card\" content=\"summary_large_image\" \/>\n<meta name=\"twitter:label1\" content=\"Est. tempo de leitura\" \/>\n\t<meta name=\"twitter:data1\" content=\"2 minutos\" \/>\n<script type=\"application\/ld+json\" class=\"yoast-schema-graph\">{\"@context\":\"https:\\\/\\\/schema.org\",\"@graph\":[{\"@type\":\"WebPage\",\"@id\":\"https:\\\/\\\/fghsaude.org.br\\\/home\\\/compliance\\\/\",\"url\":\"https:\\\/\\\/fghsaude.org.br\\\/home\\\/compliance\\\/\",\"name\":\"Nosso programa de Compliance - FGH \\\/ Funda&ccedil;&atilde;o Gest&atilde;o Hospitalar Martiniano Fernandes\",\"isPartOf\":{\"@id\":\"https:\\\/\\\/fghsaude.org.br\\\/home\\\/#website\"},\"primaryImageOfPage\":{\"@id\":\"https:\\\/\\\/fghsaude.org.br\\\/home\\\/compliance\\\/#primaryimage\"},\"image\":{\"@id\":\"https:\\\/\\\/fghsaude.org.br\\\/home\\\/compliance\\\/#primaryimage\"},\"thumbnailUrl\":\"https:\\\/\\\/fghsaude.org.br\\\/home\\\/wp-content\\\/uploads\\\/2022\\\/04\\\/bg-topo-interna.jpg\",\"datePublished\":\"2022-04-07T14:25:40+00:00\",\"dateModified\":\"2025-10-01T19:53:30+00:00\",\"breadcrumb\":{\"@id\":\"https:\\\/\\\/fghsaude.org.br\\\/home\\\/compliance\\\/#breadcrumb\"},\"inLanguage\":\"pt-BR\",\"potentialAction\":[{\"@type\":\"ReadAction\",\"target\":[\"https:\\\/\\\/fghsaude.org.br\\\/home\\\/compliance\\\/\"]}]},{\"@type\":\"ImageObject\",\"inLanguage\":\"pt-BR\",\"@id\":\"https:\\\/\\\/fghsaude.org.br\\\/home\\\/compliance\\\/#primaryimage\",\"url\":\"https:\\\/\\\/fghsaude.org.br\\\/home\\\/wp-content\\\/uploads\\\/2022\\\/04\\\/bg-topo-interna.jpg\",\"contentUrl\":\"https:\\\/\\\/fghsaude.org.br\\\/home\\\/wp-content\\\/uploads\\\/2022\\\/04\\\/bg-topo-interna.jpg\",\"width\":1920,\"height\":264},{\"@type\":\"BreadcrumbList\",\"@id\":\"https:\\\/\\\/fghsaude.org.br\\\/home\\\/compliance\\\/#breadcrumb\",\"itemListElement\":[{\"@type\":\"ListItem\",\"position\":1,\"name\":\"In\u00edcio\",\"item\":\"https:\\\/\\\/fghsaude.org.br\\\/home\\\/\"},{\"@type\":\"ListItem\",\"position\":2,\"name\":\"Nosso programa de Compliance\"}]},{\"@type\":\"WebSite\",\"@id\":\"https:\\\/\\\/fghsaude.org.br\\\/home\\\/#website\",\"url\":\"https:\\\/\\\/fghsaude.org.br\\\/home\\\/\",\"name\":\"FGH \\\/ Funda&ccedil;&atilde;o Gest&atilde;o Hospitalar Martiniano Fernandes\",\"description\":\"Site da Funda&ccedil;&atilde;o Gest&atilde;o Hospitalar Martiniano Fernandes\",\"publisher\":{\"@id\":\"https:\\\/\\\/fghsaude.org.br\\\/home\\\/#organization\"},\"potentialAction\":[{\"@type\":\"SearchAction\",\"target\":{\"@type\":\"EntryPoint\",\"urlTemplate\":\"https:\\\/\\\/fghsaude.org.br\\\/home\\\/?s={search_term_string}\"},\"query-input\":{\"@type\":\"PropertyValueSpecification\",\"valueRequired\":true,\"valueName\":\"search_term_string\"}}],\"inLanguage\":\"pt-BR\"},{\"@type\":\"Organization\",\"@id\":\"https:\\\/\\\/fghsaude.org.br\\\/home\\\/#organization\",\"name\":\"FGH \\\/ Funda&ccedil;&atilde;o Gest&atilde;o Hospitalar Martiniano Fernandes\",\"url\":\"https:\\\/\\\/fghsaude.org.br\\\/home\\\/\",\"logo\":{\"@type\":\"ImageObject\",\"inLanguage\":\"pt-BR\",\"@id\":\"https:\\\/\\\/fghsaude.org.br\\\/home\\\/#\\\/schema\\\/logo\\\/image\\\/\",\"url\":\"https:\\\/\\\/fghsaude.org.br\\\/home\\\/wp-content\\\/uploads\\\/2022\\\/11\\\/logotipo.png\",\"contentUrl\":\"https:\\\/\\\/fghsaude.org.br\\\/home\\\/wp-content\\\/uploads\\\/2022\\\/11\\\/logotipo.png\",\"width\":182,\"height\":47,\"caption\":\"FGH \\\/ Funda&ccedil;&atilde;o Gest&atilde;o Hospitalar Martiniano Fernandes\"},\"image\":{\"@id\":\"https:\\\/\\\/fghsaude.org.br\\\/home\\\/#\\\/schema\\\/logo\\\/image\\\/\"},\"sameAs\":[\"https:\\\/\\\/www.instagram.com\\\/fghsaude\\\/\"]}]}<\/script>\n<!-- \/ Yoast SEO plugin. -->","yoast_head_json":{"title":"Nosso programa de Compliance - FGH \/ Funda&ccedil;&atilde;o Gest&atilde;o Hospitalar Martiniano Fernandes","robots":{"index":"index","follow":"follow","max-snippet":"max-snippet:-1","max-image-preview":"max-image-preview:large","max-video-preview":"max-video-preview:-1"},"canonical":"https:\/\/fghsaude.org.br\/home\/compliance\/","og_locale":"pt_BR","og_type":"article","og_title":"Nosso programa de Compliance - FGH \/ Funda&ccedil;&atilde;o Gest&atilde;o Hospitalar Martiniano Fernandes","og_description":"Compliance significa trabalhar de acordo com as leis, regras e regulamentos. Neste sentido, a Funda\u00e7\u00e3o Gest\u00e3o Hospitalar Martiniano Fernandes tem [&hellip;]","og_url":"https:\/\/fghsaude.org.br\/home\/compliance\/","og_site_name":"FGH \/ Funda&ccedil;&atilde;o Gest&atilde;o Hospitalar Martiniano Fernandes","article_modified_time":"2025-10-01T19:53:30+00:00","og_image":[{"width":1920,"height":264,"url":"https:\/\/fghsaude.org.br\/home\/wp-content\/uploads\/2022\/04\/bg-topo-interna.jpg","type":"image\/jpeg"}],"twitter_card":"summary_large_image","twitter_misc":{"Est. tempo de leitura":"2 minutos"},"schema":{"@context":"https:\/\/schema.org","@graph":[{"@type":"WebPage","@id":"https:\/\/fghsaude.org.br\/home\/compliance\/","url":"https:\/\/fghsaude.org.br\/home\/compliance\/","name":"Nosso programa de Compliance - FGH \/ Funda&ccedil;&atilde;o Gest&atilde;o Hospitalar Martiniano Fernandes","isPartOf":{"@id":"https:\/\/fghsaude.org.br\/home\/#website"},"primaryImageOfPage":{"@id":"https:\/\/fghsaude.org.br\/home\/compliance\/#primaryimage"},"image":{"@id":"https:\/\/fghsaude.org.br\/home\/compliance\/#primaryimage"},"thumbnailUrl":"https:\/\/fghsaude.org.br\/home\/wp-content\/uploads\/2022\/04\/bg-topo-interna.jpg","datePublished":"2022-04-07T14:25:40+00:00","dateModified":"2025-10-01T19:53:30+00:00","breadcrumb":{"@id":"https:\/\/fghsaude.org.br\/home\/compliance\/#breadcrumb"},"inLanguage":"pt-BR","potentialAction":[{"@type":"ReadAction","target":["https:\/\/fghsaude.org.br\/home\/compliance\/"]}]},{"@type":"ImageObject","inLanguage":"pt-BR","@id":"https:\/\/fghsaude.org.br\/home\/compliance\/#primaryimage","url":"https:\/\/fghsaude.org.br\/home\/wp-content\/uploads\/2022\/04\/bg-topo-interna.jpg","contentUrl":"https:\/\/fghsaude.org.br\/home\/wp-content\/uploads\/2022\/04\/bg-topo-interna.jpg","width":1920,"height":264},{"@type":"BreadcrumbList","@id":"https:\/\/fghsaude.org.br\/home\/compliance\/#breadcrumb","itemListElement":[{"@type":"ListItem","position":1,"name":"In\u00edcio","item":"https:\/\/fghsaude.org.br\/home\/"},{"@type":"ListItem","position":2,"name":"Nosso programa de Compliance"}]},{"@type":"WebSite","@id":"https:\/\/fghsaude.org.br\/home\/#website","url":"https:\/\/fghsaude.org.br\/home\/","name":"FGH \/ Funda&ccedil;&atilde;o Gest&atilde;o Hospitalar Martiniano Fernandes","description":"Site da Funda&ccedil;&atilde;o Gest&atilde;o Hospitalar Martiniano Fernandes","publisher":{"@id":"https:\/\/fghsaude.org.br\/home\/#organization"},"potentialAction":[{"@type":"SearchAction","target":{"@type":"EntryPoint","urlTemplate":"https:\/\/fghsaude.org.br\/home\/?s={search_term_string}"},"query-input":{"@type":"PropertyValueSpecification","valueRequired":true,"valueName":"search_term_string"}}],"inLanguage":"pt-BR"},{"@type":"Organization","@id":"https:\/\/fghsaude.org.br\/home\/#organization","name":"FGH \/ Funda&ccedil;&atilde;o Gest&atilde;o Hospitalar Martiniano Fernandes","url":"https:\/\/fghsaude.org.br\/home\/","logo":{"@type":"ImageObject","inLanguage":"pt-BR","@id":"https:\/\/fghsaude.org.br\/home\/#\/schema\/logo\/image\/","url":"https:\/\/fghsaude.org.br\/home\/wp-content\/uploads\/2022\/11\/logotipo.png","contentUrl":"https:\/\/fghsaude.org.br\/home\/wp-content\/uploads\/2022\/11\/logotipo.png","width":182,"height":47,"caption":"FGH \/ Funda&ccedil;&atilde;o Gest&atilde;o Hospitalar Martiniano Fernandes"},"image":{"@id":"https:\/\/fghsaude.org.br\/home\/#\/schema\/logo\/image\/"},"sameAs":["https:\/\/www.instagram.com\/fghsaude\/"]}]}},"_links":{"self":[{"href":"https:\/\/fghsaude.org.br\/home\/wp-json\/wp\/v2\/pages\/24","targetHints":{"allow":["GET"]}}],"collection":[{"href":"https:\/\/fghsaude.org.br\/home\/wp-json\/wp\/v2\/pages"}],"about":[{"href":"https:\/\/fghsaude.org.br\/home\/wp-json\/wp\/v2\/types\/page"}],"author":[{"embeddable":true,"href":"https:\/\/fghsaude.org.br\/home\/wp-json\/wp\/v2\/users\/1"}],"replies":[{"embeddable":true,"href":"https:\/\/fghsaude.org.br\/home\/wp-json\/wp\/v2\/comments?post=24"}],"version-history":[{"count":16,"href":"https:\/\/fghsaude.org.br\/home\/wp-json\/wp\/v2\/pages\/24\/revisions"}],"predecessor-version":[{"id":6163,"href":"https:\/\/fghsaude.org.br\/home\/wp-json\/wp\/v2\/pages\/24\/revisions\/6163"}],"wp:featuredmedia":[{"embeddable":true,"href":"https:\/\/fghsaude.org.br\/home\/wp-json\/wp\/v2\/media\/33"}],"wp:attachment":[{"href":"https:\/\/fghsaude.org.br\/home\/wp-json\/wp\/v2\/media?parent=24"}],"curies":[{"name":"wp","href":"https:\/\/api.w.org\/{rel}","templated":true}]}}