{"id":214,"date":"2022-04-11T15:12:43","date_gmt":"2022-04-11T18:12:43","guid":{"rendered":"http:\/\/localhost\/fgh\/?page_id=214"},"modified":"2024-08-07T17:15:52","modified_gmt":"2024-08-07T20:15:52","slug":"historico","status":"publish","type":"page","link":"https:\/\/fghsaude.org.br\/home\/institucional\/historico\/","title":{"rendered":"Hist\u00f3rico"},"content":{"rendered":"\n<p>A Funda\u00e7\u00e3o Gest\u00e3o Hospitalar Martiniano Fernandes (FGH) foi fundada em 02 de dezembro de 1982, como Funda\u00e7\u00e3o Professor Martiniano Fernandes (FPMF). Naquele momento, o objetivo era promover os meios e recursos indispens\u00e1veis \u00e0 manuten\u00e7\u00e3o e funcionamento da Maternidade Oscar Coutinho, que corria risco de fechamento com o fim do conv\u00eanio entre o Hospital das Cl\u00ednicas, ligado \u00e0 Universidade Federal de Pernambuco, e a Santa Casa de Miseric\u00f3rdia.<\/p>\n\n\n<div class=\"wp-block-image\">\n<figure class=\"aligncenter size-large is-resized\"><img fetchpriority=\"high\" decoding=\"async\" width=\"1360\" height=\"765\" src=\"https:\/\/fghsaude.org.br\/home\/wp-content\/uploads\/2023\/01\/Design-sem-nome-6-edited.png\" alt=\"\" class=\"wp-image-1582\" style=\"width:865px;height:496px\" srcset=\"https:\/\/fghsaude.org.br\/home\/wp-content\/uploads\/2023\/01\/Design-sem-nome-6-edited.png 1360w, https:\/\/fghsaude.org.br\/home\/wp-content\/uploads\/2023\/01\/Design-sem-nome-6-edited-300x169.png 300w, https:\/\/fghsaude.org.br\/home\/wp-content\/uploads\/2023\/01\/Design-sem-nome-6-edited-1024x576.png 1024w, https:\/\/fghsaude.org.br\/home\/wp-content\/uploads\/2023\/01\/Design-sem-nome-6-edited-768x432.png 768w\" sizes=\"(max-width: 1360px) 100vw, 1360px\" \/><\/figure>\n<\/div>\n\n\n<div style=\"height:55px\" aria-hidden=\"true\" class=\"wp-block-spacer\"><\/div>\n\n\n\n<p>Nesse contexto, o professor Martiniano Fernandes e um grupo de amigos pernambucanos celebraram, com a Santa Casa de Miseric\u00f3rdia do Recife, um conv\u00eanio que permitiu a sobreviv\u00eancia da Maternidade, bem como a presta\u00e7\u00e3o de servi\u00e7os de assist\u00eancia a mulheres e crian\u00e7as carentes do Estado de Pernambuco. Neste mesmo acordo foi poss\u00edvel a manuten\u00e7\u00e3o das atividades de ensino, pesquisa e extens\u00e3o.<\/p>\n\n\n\n<p>Quase 30 anos depois, em 20 de novembro de 2009, a Funda\u00e7\u00e3o Professor Martiniano Fernandes foi qualificada como Organiza\u00e7\u00e3o Social (OS) e, cinco anos depois, tornou-se uma Organiza\u00e7\u00e3o Social de Sa\u00fade (OSS), habilitada para gerenciar, operacionalizar e executar a\u00e7\u00f5es e servi\u00e7os de sa\u00fade.<\/p>\n\n\n\n<p>Em 2021, atualizou sua identidade com uma nova marca e ampliou seu quadro de colaboradores, fortalecendo seu papel corporativo de gest\u00e3o junto \u00e0s unidades de sa\u00fade sob sua responsabilidade.<\/p>\n\n\n\n<figure class=\"wp-block-image size-large\"><img decoding=\"async\" width=\"1024\" height=\"170\" src=\"https:\/\/fghsaude.org.br\/home\/wp-content\/uploads\/2024\/08\/Linha-do-tempo-1-1024x170.png\" alt=\"\" class=\"wp-image-3364\" srcset=\"https:\/\/fghsaude.org.br\/home\/wp-content\/uploads\/2024\/08\/Linha-do-tempo-1-1024x170.png 1024w, https:\/\/fghsaude.org.br\/home\/wp-content\/uploads\/2024\/08\/Linha-do-tempo-1-300x50.png 300w, https:\/\/fghsaude.org.br\/home\/wp-content\/uploads\/2024\/08\/Linha-do-tempo-1-768x128.png 768w, https:\/\/fghsaude.org.br\/home\/wp-content\/uploads\/2024\/08\/Linha-do-tempo-1-1536x255.png 1536w, https:\/\/fghsaude.org.br\/home\/wp-content\/uploads\/2024\/08\/Linha-do-tempo-1.png 1920w\" sizes=\"(max-width: 1024px) 100vw, 1024px\" \/><\/figure>\n\n\n\n<p>Al\u00e9m disso, inaugurou uma nova sede para o N\u00facleo de Gest\u00e3o Compartilhada, com uma conceito mais moderno e aberto, dando mais agilidade aos processos, bem como fortalecendo a troca e o di\u00e1logo entre as diversas \u00e1reas estrat\u00e9gias da institui\u00e7\u00e3o.<\/p>\n","protected":false},"excerpt":{"rendered":"<p>A Funda\u00e7\u00e3o Gest\u00e3o Hospitalar Martiniano Fernandes (FGH) foi fundada em 02 de dezembro de 1982, como Funda\u00e7\u00e3o Professor Martiniano Fernandes [&hellip;]<\/p>\n","protected":false},"author":1,"featured_media":33,"parent":15,"menu_order":0,"comment_status":"closed","ping_status":"closed","template":"modelo-uma-coluna.php","meta":{"footnotes":""},"class_list":["post-214","page","type-page","status-publish","has-post-thumbnail","hentry"],"yoast_head":"<!-- This site is optimized with the Yoast SEO plugin v27.4 - https:\/\/yoast.com\/product\/yoast-seo-wordpress\/ -->\n<title>Hist\u00f3rico - FGH \/ Funda&ccedil;&atilde;o Gest&atilde;o Hospitalar Martiniano Fernandes<\/title>\n<meta name=\"robots\" content=\"index, follow, max-snippet:-1, max-image-preview:large, max-video-preview:-1\" \/>\n<link rel=\"canonical\" href=\"https:\/\/fghsaude.org.br\/home\/institucional\/historico\/\" \/>\n<meta property=\"og:locale\" content=\"pt_BR\" \/>\n<meta property=\"og:type\" content=\"article\" \/>\n<meta property=\"og:title\" content=\"Hist\u00f3rico - FGH \/ Funda&ccedil;&atilde;o Gest&atilde;o Hospitalar Martiniano Fernandes\" \/>\n<meta property=\"og:description\" content=\"A Funda\u00e7\u00e3o Gest\u00e3o Hospitalar Martiniano Fernandes (FGH) foi fundada em 02 de dezembro de 1982, como Funda\u00e7\u00e3o Professor Martiniano Fernandes [&hellip;]\" \/>\n<meta property=\"og:url\" content=\"https:\/\/fghsaude.org.br\/home\/institucional\/historico\/\" \/>\n<meta property=\"og:site_name\" content=\"FGH \/ Funda&ccedil;&atilde;o Gest&atilde;o Hospitalar Martiniano Fernandes\" \/>\n<meta property=\"article:modified_time\" content=\"2024-08-07T20:15:52+00:00\" \/>\n<meta property=\"og:image\" content=\"https:\/\/fghsaude.org.br\/home\/wp-content\/uploads\/2022\/04\/bg-topo-interna.jpg\" \/>\n\t<meta property=\"og:image:width\" content=\"1920\" \/>\n\t<meta property=\"og:image:height\" content=\"264\" \/>\n\t<meta property=\"og:image:type\" content=\"image\/jpeg\" \/>\n<meta name=\"twitter:card\" content=\"summary_large_image\" \/>\n<meta name=\"twitter:label1\" content=\"Est. tempo de leitura\" \/>\n\t<meta name=\"twitter:data1\" content=\"2 minutos\" \/>\n<script type=\"application\/ld+json\" class=\"yoast-schema-graph\">{\"@context\":\"https:\\\/\\\/schema.org\",\"@graph\":[{\"@type\":\"WebPage\",\"@id\":\"https:\\\/\\\/fghsaude.org.br\\\/home\\\/institucional\\\/historico\\\/\",\"url\":\"https:\\\/\\\/fghsaude.org.br\\\/home\\\/institucional\\\/historico\\\/\",\"name\":\"Hist\u00f3rico - FGH \\\/ Funda&ccedil;&atilde;o Gest&atilde;o Hospitalar Martiniano Fernandes\",\"isPartOf\":{\"@id\":\"https:\\\/\\\/fghsaude.org.br\\\/home\\\/#website\"},\"primaryImageOfPage\":{\"@id\":\"https:\\\/\\\/fghsaude.org.br\\\/home\\\/institucional\\\/historico\\\/#primaryimage\"},\"image\":{\"@id\":\"https:\\\/\\\/fghsaude.org.br\\\/home\\\/institucional\\\/historico\\\/#primaryimage\"},\"thumbnailUrl\":\"https:\\\/\\\/fghsaude.org.br\\\/home\\\/wp-content\\\/uploads\\\/2022\\\/04\\\/bg-topo-interna.jpg\",\"datePublished\":\"2022-04-11T18:12:43+00:00\",\"dateModified\":\"2024-08-07T20:15:52+00:00\",\"breadcrumb\":{\"@id\":\"https:\\\/\\\/fghsaude.org.br\\\/home\\\/institucional\\\/historico\\\/#breadcrumb\"},\"inLanguage\":\"pt-BR\",\"potentialAction\":[{\"@type\":\"ReadAction\",\"target\":[\"https:\\\/\\\/fghsaude.org.br\\\/home\\\/institucional\\\/historico\\\/\"]}]},{\"@type\":\"ImageObject\",\"inLanguage\":\"pt-BR\",\"@id\":\"https:\\\/\\\/fghsaude.org.br\\\/home\\\/institucional\\\/historico\\\/#primaryimage\",\"url\":\"https:\\\/\\\/fghsaude.org.br\\\/home\\\/wp-content\\\/uploads\\\/2022\\\/04\\\/bg-topo-interna.jpg\",\"contentUrl\":\"https:\\\/\\\/fghsaude.org.br\\\/home\\\/wp-content\\\/uploads\\\/2022\\\/04\\\/bg-topo-interna.jpg\",\"width\":1920,\"height\":264},{\"@type\":\"BreadcrumbList\",\"@id\":\"https:\\\/\\\/fghsaude.org.br\\\/home\\\/institucional\\\/historico\\\/#breadcrumb\",\"itemListElement\":[{\"@type\":\"ListItem\",\"position\":1,\"name\":\"In\u00edcio\",\"item\":\"https:\\\/\\\/fghsaude.org.br\\\/home\\\/\"},{\"@type\":\"ListItem\",\"position\":2,\"name\":\"Institucional\",\"item\":\"https:\\\/\\\/fghsaude.org.br\\\/home\\\/institucional\\\/\"},{\"@type\":\"ListItem\",\"position\":3,\"name\":\"Hist\u00f3rico\"}]},{\"@type\":\"WebSite\",\"@id\":\"https:\\\/\\\/fghsaude.org.br\\\/home\\\/#website\",\"url\":\"https:\\\/\\\/fghsaude.org.br\\\/home\\\/\",\"name\":\"FGH \\\/ Funda&ccedil;&atilde;o Gest&atilde;o Hospitalar Martiniano Fernandes\",\"description\":\"Site da Funda&ccedil;&atilde;o Gest&atilde;o Hospitalar Martiniano Fernandes\",\"publisher\":{\"@id\":\"https:\\\/\\\/fghsaude.org.br\\\/home\\\/#organization\"},\"potentialAction\":[{\"@type\":\"SearchAction\",\"target\":{\"@type\":\"EntryPoint\",\"urlTemplate\":\"https:\\\/\\\/fghsaude.org.br\\\/home\\\/?s={search_term_string}\"},\"query-input\":{\"@type\":\"PropertyValueSpecification\",\"valueRequired\":true,\"valueName\":\"search_term_string\"}}],\"inLanguage\":\"pt-BR\"},{\"@type\":\"Organization\",\"@id\":\"https:\\\/\\\/fghsaude.org.br\\\/home\\\/#organization\",\"name\":\"FGH \\\/ Funda&ccedil;&atilde;o Gest&atilde;o Hospitalar Martiniano Fernandes\",\"url\":\"https:\\\/\\\/fghsaude.org.br\\\/home\\\/\",\"logo\":{\"@type\":\"ImageObject\",\"inLanguage\":\"pt-BR\",\"@id\":\"https:\\\/\\\/fghsaude.org.br\\\/home\\\/#\\\/schema\\\/logo\\\/image\\\/\",\"url\":\"https:\\\/\\\/fghsaude.org.br\\\/home\\\/wp-content\\\/uploads\\\/2022\\\/11\\\/logotipo.png\",\"contentUrl\":\"https:\\\/\\\/fghsaude.org.br\\\/home\\\/wp-content\\\/uploads\\\/2022\\\/11\\\/logotipo.png\",\"width\":182,\"height\":47,\"caption\":\"FGH \\\/ Funda&ccedil;&atilde;o Gest&atilde;o Hospitalar Martiniano Fernandes\"},\"image\":{\"@id\":\"https:\\\/\\\/fghsaude.org.br\\\/home\\\/#\\\/schema\\\/logo\\\/image\\\/\"},\"sameAs\":[\"https:\\\/\\\/www.instagram.com\\\/fghsaude\\\/\"]}]}<\/script>\n<!-- \/ Yoast SEO plugin. -->","yoast_head_json":{"title":"Hist\u00f3rico - FGH \/ Funda&ccedil;&atilde;o Gest&atilde;o Hospitalar Martiniano Fernandes","robots":{"index":"index","follow":"follow","max-snippet":"max-snippet:-1","max-image-preview":"max-image-preview:large","max-video-preview":"max-video-preview:-1"},"canonical":"https:\/\/fghsaude.org.br\/home\/institucional\/historico\/","og_locale":"pt_BR","og_type":"article","og_title":"Hist\u00f3rico - FGH \/ Funda&ccedil;&atilde;o Gest&atilde;o Hospitalar Martiniano Fernandes","og_description":"A Funda\u00e7\u00e3o Gest\u00e3o Hospitalar Martiniano Fernandes (FGH) foi fundada em 02 de dezembro de 1982, como Funda\u00e7\u00e3o Professor Martiniano Fernandes [&hellip;]","og_url":"https:\/\/fghsaude.org.br\/home\/institucional\/historico\/","og_site_name":"FGH \/ Funda&ccedil;&atilde;o Gest&atilde;o Hospitalar Martiniano Fernandes","article_modified_time":"2024-08-07T20:15:52+00:00","og_image":[{"width":1920,"height":264,"url":"https:\/\/fghsaude.org.br\/home\/wp-content\/uploads\/2022\/04\/bg-topo-interna.jpg","type":"image\/jpeg"}],"twitter_card":"summary_large_image","twitter_misc":{"Est. tempo de leitura":"2 minutos"},"schema":{"@context":"https:\/\/schema.org","@graph":[{"@type":"WebPage","@id":"https:\/\/fghsaude.org.br\/home\/institucional\/historico\/","url":"https:\/\/fghsaude.org.br\/home\/institucional\/historico\/","name":"Hist\u00f3rico - FGH \/ Funda&ccedil;&atilde;o Gest&atilde;o Hospitalar Martiniano Fernandes","isPartOf":{"@id":"https:\/\/fghsaude.org.br\/home\/#website"},"primaryImageOfPage":{"@id":"https:\/\/fghsaude.org.br\/home\/institucional\/historico\/#primaryimage"},"image":{"@id":"https:\/\/fghsaude.org.br\/home\/institucional\/historico\/#primaryimage"},"thumbnailUrl":"https:\/\/fghsaude.org.br\/home\/wp-content\/uploads\/2022\/04\/bg-topo-interna.jpg","datePublished":"2022-04-11T18:12:43+00:00","dateModified":"2024-08-07T20:15:52+00:00","breadcrumb":{"@id":"https:\/\/fghsaude.org.br\/home\/institucional\/historico\/#breadcrumb"},"inLanguage":"pt-BR","potentialAction":[{"@type":"ReadAction","target":["https:\/\/fghsaude.org.br\/home\/institucional\/historico\/"]}]},{"@type":"ImageObject","inLanguage":"pt-BR","@id":"https:\/\/fghsaude.org.br\/home\/institucional\/historico\/#primaryimage","url":"https:\/\/fghsaude.org.br\/home\/wp-content\/uploads\/2022\/04\/bg-topo-interna.jpg","contentUrl":"https:\/\/fghsaude.org.br\/home\/wp-content\/uploads\/2022\/04\/bg-topo-interna.jpg","width":1920,"height":264},{"@type":"BreadcrumbList","@id":"https:\/\/fghsaude.org.br\/home\/institucional\/historico\/#breadcrumb","itemListElement":[{"@type":"ListItem","position":1,"name":"In\u00edcio","item":"https:\/\/fghsaude.org.br\/home\/"},{"@type":"ListItem","position":2,"name":"Institucional","item":"https:\/\/fghsaude.org.br\/home\/institucional\/"},{"@type":"ListItem","position":3,"name":"Hist\u00f3rico"}]},{"@type":"WebSite","@id":"https:\/\/fghsaude.org.br\/home\/#website","url":"https:\/\/fghsaude.org.br\/home\/","name":"FGH \/ Funda&ccedil;&atilde;o Gest&atilde;o Hospitalar Martiniano Fernandes","description":"Site da Funda&ccedil;&atilde;o Gest&atilde;o Hospitalar Martiniano Fernandes","publisher":{"@id":"https:\/\/fghsaude.org.br\/home\/#organization"},"potentialAction":[{"@type":"SearchAction","target":{"@type":"EntryPoint","urlTemplate":"https:\/\/fghsaude.org.br\/home\/?s={search_term_string}"},"query-input":{"@type":"PropertyValueSpecification","valueRequired":true,"valueName":"search_term_string"}}],"inLanguage":"pt-BR"},{"@type":"Organization","@id":"https:\/\/fghsaude.org.br\/home\/#organization","name":"FGH \/ Funda&ccedil;&atilde;o Gest&atilde;o Hospitalar Martiniano Fernandes","url":"https:\/\/fghsaude.org.br\/home\/","logo":{"@type":"ImageObject","inLanguage":"pt-BR","@id":"https:\/\/fghsaude.org.br\/home\/#\/schema\/logo\/image\/","url":"https:\/\/fghsaude.org.br\/home\/wp-content\/uploads\/2022\/11\/logotipo.png","contentUrl":"https:\/\/fghsaude.org.br\/home\/wp-content\/uploads\/2022\/11\/logotipo.png","width":182,"height":47,"caption":"FGH \/ Funda&ccedil;&atilde;o Gest&atilde;o Hospitalar Martiniano Fernandes"},"image":{"@id":"https:\/\/fghsaude.org.br\/home\/#\/schema\/logo\/image\/"},"sameAs":["https:\/\/www.instagram.com\/fghsaude\/"]}]}},"_links":{"self":[{"href":"https:\/\/fghsaude.org.br\/home\/wp-json\/wp\/v2\/pages\/214","targetHints":{"allow":["GET"]}}],"collection":[{"href":"https:\/\/fghsaude.org.br\/home\/wp-json\/wp\/v2\/pages"}],"about":[{"href":"https:\/\/fghsaude.org.br\/home\/wp-json\/wp\/v2\/types\/page"}],"author":[{"embeddable":true,"href":"https:\/\/fghsaude.org.br\/home\/wp-json\/wp\/v2\/users\/1"}],"replies":[{"embeddable":true,"href":"https:\/\/fghsaude.org.br\/home\/wp-json\/wp\/v2\/comments?post=214"}],"version-history":[{"count":14,"href":"https:\/\/fghsaude.org.br\/home\/wp-json\/wp\/v2\/pages\/214\/revisions"}],"predecessor-version":[{"id":3366,"href":"https:\/\/fghsaude.org.br\/home\/wp-json\/wp\/v2\/pages\/214\/revisions\/3366"}],"up":[{"embeddable":true,"href":"https:\/\/fghsaude.org.br\/home\/wp-json\/wp\/v2\/pages\/15"}],"wp:featuredmedia":[{"embeddable":true,"href":"https:\/\/fghsaude.org.br\/home\/wp-json\/wp\/v2\/media\/33"}],"wp:attachment":[{"href":"https:\/\/fghsaude.org.br\/home\/wp-json\/wp\/v2\/media?parent=214"}],"curies":[{"name":"wp","href":"https:\/\/api.w.org\/{rel}","templated":true}]}}