{"id":140,"date":"2022-04-08T09:22:10","date_gmt":"2022-04-08T12:22:10","guid":{"rendered":"http:\/\/localhost\/fgh\/?page_id=140"},"modified":"2024-08-07T16:56:18","modified_gmt":"2024-08-07T19:56:18","slug":"residencias-terapeuticas","status":"publish","type":"page","link":"https:\/\/fghsaude.org.br\/home\/servicos\/residencias-terapeuticas\/","title":{"rendered":"Resid\u00eancias Terap\u00eauticas"},"content":{"rendered":"\n<p>Os servi\u00e7os de Resid\u00eancias Terap\u00eauticas s\u00e3o unidades estrat\u00e9gicas no processo de desinstitucionaliza\u00e7\u00e3o. Destinadas a pessoas com transtorno mental, egressas de hospitais psiqui\u00e1tricos e\/ou hospitais de cust\u00f3dia, s\u00e3o espa\u00e7os de moradia que garantem o conv\u00edvio social, a reabilita\u00e7\u00e3o psicossocial, bem como o resgate de cidadania e a garantia dos direitos humanos dos moradores. Al\u00e9m disso, promovem o fortalecimento dos la\u00e7os afetivos, a reinser\u00e7\u00e3o no espa\u00e7o da cidade e a reconstru\u00e7\u00e3o das refer\u00eancias familiares e comunit\u00e1rias.<\/p>\n\n\n\n<p>Por meio de conv\u00eanio com a Secretaria de Sa\u00fade do Recife, a FGH assume a responsabilidade administrativa do servi\u00e7o, ou seja, a contrata\u00e7\u00e3o de recursos humanos, aluguel dos im\u00f3veis, suprimento, manuten\u00e7\u00e3o predial, compra e reposi\u00e7\u00e3o de enxoval, m\u00f3veis e eletrodom\u00e9sticos.<\/p>\n\n\n\n<p>Atualmente, a FGH \u00e9 respons\u00e1vel por 16 unidades contratualizadas, sendo nove na Modalidade Tipo I, destinada \u00e0quelas pessoas com interna\u00e7\u00e3o de longa perman\u00eancia que n\u00e3o possuem v\u00ednculos familiares e sociais. A l\u00f3gica fundamental desse servi\u00e7o, que deve acolher, em m\u00e9dia, oito pessoas, \u00e9 a cria\u00e7\u00e3o de um espa\u00e7o de constru\u00e7\u00e3o de autonomia para retomada da vida cotidiana e reinser\u00e7\u00e3o social.<\/p>\n\n\n\n<p>Outras sete unidades funcionam na Modalidade Tipo II, destinada \u00e0quelas pessoas com maior grau de depend\u00eancia, que necessitam de cuidados intensivos espec\u00edficos do ponto de vista da sa\u00fade em geral, que demandam a\u00e7\u00f5es mais diretivas, com apoio t\u00e9cnico di\u00e1rio e pessoal, de forma permanente. Esses espa\u00e7os recebem, em m\u00e9dia, dez pessoas.<\/p>\n","protected":false},"excerpt":{"rendered":"<p>Os servi\u00e7os de Residenciais Terap\u00eauticos s\u00e3o destinadas a pessoas com transtorno mental, egressas de hospitais psiqui\u00e1tricos e\/ou hospitais de cust\u00f3dia<\/p>\n","protected":false},"author":1,"featured_media":33,"parent":16,"menu_order":0,"comment_status":"closed","ping_status":"closed","template":"sub-servicos.php","meta":{"footnotes":""},"class_list":["post-140","page","type-page","status-publish","has-post-thumbnail","hentry"],"yoast_head":"<!-- This site is optimized with the Yoast SEO plugin v27.4 - https:\/\/yoast.com\/product\/yoast-seo-wordpress\/ -->\n<title>Resid\u00eancias Terap\u00eauticas - FGH \/ Funda&ccedil;&atilde;o Gest&atilde;o Hospitalar Martiniano Fernandes<\/title>\n<meta name=\"robots\" content=\"index, follow, max-snippet:-1, max-image-preview:large, max-video-preview:-1\" \/>\n<link rel=\"canonical\" href=\"https:\/\/fghsaude.org.br\/home\/servicos\/residencias-terapeuticas\/\" \/>\n<meta property=\"og:locale\" content=\"pt_BR\" \/>\n<meta property=\"og:type\" content=\"article\" \/>\n<meta property=\"og:title\" content=\"Resid\u00eancias Terap\u00eauticas - FGH \/ Funda&ccedil;&atilde;o Gest&atilde;o Hospitalar Martiniano Fernandes\" \/>\n<meta property=\"og:description\" content=\"Os servi\u00e7os de Residenciais Terap\u00eauticos s\u00e3o destinadas a pessoas com transtorno mental, egressas de hospitais psiqui\u00e1tricos e\/ou hospitais de cust\u00f3dia\" \/>\n<meta property=\"og:url\" content=\"https:\/\/fghsaude.org.br\/home\/servicos\/residencias-terapeuticas\/\" \/>\n<meta property=\"og:site_name\" content=\"FGH \/ Funda&ccedil;&atilde;o Gest&atilde;o Hospitalar Martiniano Fernandes\" \/>\n<meta property=\"article:modified_time\" content=\"2024-08-07T19:56:18+00:00\" \/>\n<meta property=\"og:image\" content=\"https:\/\/fghsaude.org.br\/home\/wp-content\/uploads\/2022\/04\/bg-topo-interna.jpg\" \/>\n\t<meta property=\"og:image:width\" content=\"1920\" \/>\n\t<meta property=\"og:image:height\" content=\"264\" \/>\n\t<meta property=\"og:image:type\" content=\"image\/jpeg\" \/>\n<meta name=\"twitter:card\" content=\"summary_large_image\" \/>\n<meta name=\"twitter:label1\" content=\"Est. tempo de leitura\" \/>\n\t<meta name=\"twitter:data1\" content=\"2 minutos\" \/>\n<script type=\"application\/ld+json\" class=\"yoast-schema-graph\">{\"@context\":\"https:\\\/\\\/schema.org\",\"@graph\":[{\"@type\":\"WebPage\",\"@id\":\"https:\\\/\\\/fghsaude.org.br\\\/home\\\/servicos\\\/residencias-terapeuticas\\\/\",\"url\":\"https:\\\/\\\/fghsaude.org.br\\\/home\\\/servicos\\\/residencias-terapeuticas\\\/\",\"name\":\"Resid\u00eancias Terap\u00eauticas - FGH \\\/ Funda&ccedil;&atilde;o Gest&atilde;o Hospitalar Martiniano Fernandes\",\"isPartOf\":{\"@id\":\"https:\\\/\\\/fghsaude.org.br\\\/home\\\/#website\"},\"primaryImageOfPage\":{\"@id\":\"https:\\\/\\\/fghsaude.org.br\\\/home\\\/servicos\\\/residencias-terapeuticas\\\/#primaryimage\"},\"image\":{\"@id\":\"https:\\\/\\\/fghsaude.org.br\\\/home\\\/servicos\\\/residencias-terapeuticas\\\/#primaryimage\"},\"thumbnailUrl\":\"https:\\\/\\\/fghsaude.org.br\\\/home\\\/wp-content\\\/uploads\\\/2022\\\/04\\\/bg-topo-interna.jpg\",\"datePublished\":\"2022-04-08T12:22:10+00:00\",\"dateModified\":\"2024-08-07T19:56:18+00:00\",\"breadcrumb\":{\"@id\":\"https:\\\/\\\/fghsaude.org.br\\\/home\\\/servicos\\\/residencias-terapeuticas\\\/#breadcrumb\"},\"inLanguage\":\"pt-BR\",\"potentialAction\":[{\"@type\":\"ReadAction\",\"target\":[\"https:\\\/\\\/fghsaude.org.br\\\/home\\\/servicos\\\/residencias-terapeuticas\\\/\"]}]},{\"@type\":\"ImageObject\",\"inLanguage\":\"pt-BR\",\"@id\":\"https:\\\/\\\/fghsaude.org.br\\\/home\\\/servicos\\\/residencias-terapeuticas\\\/#primaryimage\",\"url\":\"https:\\\/\\\/fghsaude.org.br\\\/home\\\/wp-content\\\/uploads\\\/2022\\\/04\\\/bg-topo-interna.jpg\",\"contentUrl\":\"https:\\\/\\\/fghsaude.org.br\\\/home\\\/wp-content\\\/uploads\\\/2022\\\/04\\\/bg-topo-interna.jpg\",\"width\":1920,\"height\":264},{\"@type\":\"BreadcrumbList\",\"@id\":\"https:\\\/\\\/fghsaude.org.br\\\/home\\\/servicos\\\/residencias-terapeuticas\\\/#breadcrumb\",\"itemListElement\":[{\"@type\":\"ListItem\",\"position\":1,\"name\":\"In\u00edcio\",\"item\":\"https:\\\/\\\/fghsaude.org.br\\\/home\\\/\"},{\"@type\":\"ListItem\",\"position\":2,\"name\":\"Servi\u00e7os\",\"item\":\"https:\\\/\\\/fghsaude.org.br\\\/home\\\/servicos\\\/\"},{\"@type\":\"ListItem\",\"position\":3,\"name\":\"Resid\u00eancias Terap\u00eauticas\"}]},{\"@type\":\"WebSite\",\"@id\":\"https:\\\/\\\/fghsaude.org.br\\\/home\\\/#website\",\"url\":\"https:\\\/\\\/fghsaude.org.br\\\/home\\\/\",\"name\":\"FGH \\\/ Funda&ccedil;&atilde;o Gest&atilde;o Hospitalar Martiniano Fernandes\",\"description\":\"Site da Funda&ccedil;&atilde;o Gest&atilde;o Hospitalar Martiniano Fernandes\",\"publisher\":{\"@id\":\"https:\\\/\\\/fghsaude.org.br\\\/home\\\/#organization\"},\"potentialAction\":[{\"@type\":\"SearchAction\",\"target\":{\"@type\":\"EntryPoint\",\"urlTemplate\":\"https:\\\/\\\/fghsaude.org.br\\\/home\\\/?s={search_term_string}\"},\"query-input\":{\"@type\":\"PropertyValueSpecification\",\"valueRequired\":true,\"valueName\":\"search_term_string\"}}],\"inLanguage\":\"pt-BR\"},{\"@type\":\"Organization\",\"@id\":\"https:\\\/\\\/fghsaude.org.br\\\/home\\\/#organization\",\"name\":\"FGH \\\/ Funda&ccedil;&atilde;o Gest&atilde;o Hospitalar Martiniano Fernandes\",\"url\":\"https:\\\/\\\/fghsaude.org.br\\\/home\\\/\",\"logo\":{\"@type\":\"ImageObject\",\"inLanguage\":\"pt-BR\",\"@id\":\"https:\\\/\\\/fghsaude.org.br\\\/home\\\/#\\\/schema\\\/logo\\\/image\\\/\",\"url\":\"https:\\\/\\\/fghsaude.org.br\\\/home\\\/wp-content\\\/uploads\\\/2022\\\/11\\\/logotipo.png\",\"contentUrl\":\"https:\\\/\\\/fghsaude.org.br\\\/home\\\/wp-content\\\/uploads\\\/2022\\\/11\\\/logotipo.png\",\"width\":182,\"height\":47,\"caption\":\"FGH \\\/ Funda&ccedil;&atilde;o Gest&atilde;o Hospitalar Martiniano Fernandes\"},\"image\":{\"@id\":\"https:\\\/\\\/fghsaude.org.br\\\/home\\\/#\\\/schema\\\/logo\\\/image\\\/\"},\"sameAs\":[\"https:\\\/\\\/www.instagram.com\\\/fghsaude\\\/\"]}]}<\/script>\n<!-- \/ Yoast SEO plugin. -->","yoast_head_json":{"title":"Resid\u00eancias Terap\u00eauticas - FGH \/ Funda&ccedil;&atilde;o Gest&atilde;o Hospitalar Martiniano Fernandes","robots":{"index":"index","follow":"follow","max-snippet":"max-snippet:-1","max-image-preview":"max-image-preview:large","max-video-preview":"max-video-preview:-1"},"canonical":"https:\/\/fghsaude.org.br\/home\/servicos\/residencias-terapeuticas\/","og_locale":"pt_BR","og_type":"article","og_title":"Resid\u00eancias Terap\u00eauticas - FGH \/ Funda&ccedil;&atilde;o Gest&atilde;o Hospitalar Martiniano Fernandes","og_description":"Os servi\u00e7os de Residenciais Terap\u00eauticos s\u00e3o destinadas a pessoas com transtorno mental, egressas de hospitais psiqui\u00e1tricos e\/ou hospitais de cust\u00f3dia","og_url":"https:\/\/fghsaude.org.br\/home\/servicos\/residencias-terapeuticas\/","og_site_name":"FGH \/ Funda&ccedil;&atilde;o Gest&atilde;o Hospitalar Martiniano Fernandes","article_modified_time":"2024-08-07T19:56:18+00:00","og_image":[{"width":1920,"height":264,"url":"https:\/\/fghsaude.org.br\/home\/wp-content\/uploads\/2022\/04\/bg-topo-interna.jpg","type":"image\/jpeg"}],"twitter_card":"summary_large_image","twitter_misc":{"Est. tempo de leitura":"2 minutos"},"schema":{"@context":"https:\/\/schema.org","@graph":[{"@type":"WebPage","@id":"https:\/\/fghsaude.org.br\/home\/servicos\/residencias-terapeuticas\/","url":"https:\/\/fghsaude.org.br\/home\/servicos\/residencias-terapeuticas\/","name":"Resid\u00eancias Terap\u00eauticas - FGH \/ Funda&ccedil;&atilde;o Gest&atilde;o Hospitalar Martiniano Fernandes","isPartOf":{"@id":"https:\/\/fghsaude.org.br\/home\/#website"},"primaryImageOfPage":{"@id":"https:\/\/fghsaude.org.br\/home\/servicos\/residencias-terapeuticas\/#primaryimage"},"image":{"@id":"https:\/\/fghsaude.org.br\/home\/servicos\/residencias-terapeuticas\/#primaryimage"},"thumbnailUrl":"https:\/\/fghsaude.org.br\/home\/wp-content\/uploads\/2022\/04\/bg-topo-interna.jpg","datePublished":"2022-04-08T12:22:10+00:00","dateModified":"2024-08-07T19:56:18+00:00","breadcrumb":{"@id":"https:\/\/fghsaude.org.br\/home\/servicos\/residencias-terapeuticas\/#breadcrumb"},"inLanguage":"pt-BR","potentialAction":[{"@type":"ReadAction","target":["https:\/\/fghsaude.org.br\/home\/servicos\/residencias-terapeuticas\/"]}]},{"@type":"ImageObject","inLanguage":"pt-BR","@id":"https:\/\/fghsaude.org.br\/home\/servicos\/residencias-terapeuticas\/#primaryimage","url":"https:\/\/fghsaude.org.br\/home\/wp-content\/uploads\/2022\/04\/bg-topo-interna.jpg","contentUrl":"https:\/\/fghsaude.org.br\/home\/wp-content\/uploads\/2022\/04\/bg-topo-interna.jpg","width":1920,"height":264},{"@type":"BreadcrumbList","@id":"https:\/\/fghsaude.org.br\/home\/servicos\/residencias-terapeuticas\/#breadcrumb","itemListElement":[{"@type":"ListItem","position":1,"name":"In\u00edcio","item":"https:\/\/fghsaude.org.br\/home\/"},{"@type":"ListItem","position":2,"name":"Servi\u00e7os","item":"https:\/\/fghsaude.org.br\/home\/servicos\/"},{"@type":"ListItem","position":3,"name":"Resid\u00eancias Terap\u00eauticas"}]},{"@type":"WebSite","@id":"https:\/\/fghsaude.org.br\/home\/#website","url":"https:\/\/fghsaude.org.br\/home\/","name":"FGH \/ Funda&ccedil;&atilde;o Gest&atilde;o Hospitalar Martiniano Fernandes","description":"Site da Funda&ccedil;&atilde;o Gest&atilde;o Hospitalar Martiniano Fernandes","publisher":{"@id":"https:\/\/fghsaude.org.br\/home\/#organization"},"potentialAction":[{"@type":"SearchAction","target":{"@type":"EntryPoint","urlTemplate":"https:\/\/fghsaude.org.br\/home\/?s={search_term_string}"},"query-input":{"@type":"PropertyValueSpecification","valueRequired":true,"valueName":"search_term_string"}}],"inLanguage":"pt-BR"},{"@type":"Organization","@id":"https:\/\/fghsaude.org.br\/home\/#organization","name":"FGH \/ Funda&ccedil;&atilde;o Gest&atilde;o Hospitalar Martiniano Fernandes","url":"https:\/\/fghsaude.org.br\/home\/","logo":{"@type":"ImageObject","inLanguage":"pt-BR","@id":"https:\/\/fghsaude.org.br\/home\/#\/schema\/logo\/image\/","url":"https:\/\/fghsaude.org.br\/home\/wp-content\/uploads\/2022\/11\/logotipo.png","contentUrl":"https:\/\/fghsaude.org.br\/home\/wp-content\/uploads\/2022\/11\/logotipo.png","width":182,"height":47,"caption":"FGH \/ Funda&ccedil;&atilde;o Gest&atilde;o Hospitalar Martiniano Fernandes"},"image":{"@id":"https:\/\/fghsaude.org.br\/home\/#\/schema\/logo\/image\/"},"sameAs":["https:\/\/www.instagram.com\/fghsaude\/"]}]}},"_links":{"self":[{"href":"https:\/\/fghsaude.org.br\/home\/wp-json\/wp\/v2\/pages\/140","targetHints":{"allow":["GET"]}}],"collection":[{"href":"https:\/\/fghsaude.org.br\/home\/wp-json\/wp\/v2\/pages"}],"about":[{"href":"https:\/\/fghsaude.org.br\/home\/wp-json\/wp\/v2\/types\/page"}],"author":[{"embeddable":true,"href":"https:\/\/fghsaude.org.br\/home\/wp-json\/wp\/v2\/users\/1"}],"replies":[{"embeddable":true,"href":"https:\/\/fghsaude.org.br\/home\/wp-json\/wp\/v2\/comments?post=140"}],"version-history":[{"count":11,"href":"https:\/\/fghsaude.org.br\/home\/wp-json\/wp\/v2\/pages\/140\/revisions"}],"predecessor-version":[{"id":3350,"href":"https:\/\/fghsaude.org.br\/home\/wp-json\/wp\/v2\/pages\/140\/revisions\/3350"}],"up":[{"embeddable":true,"href":"https:\/\/fghsaude.org.br\/home\/wp-json\/wp\/v2\/pages\/16"}],"wp:featuredmedia":[{"embeddable":true,"href":"https:\/\/fghsaude.org.br\/home\/wp-json\/wp\/v2\/media\/33"}],"wp:attachment":[{"href":"https:\/\/fghsaude.org.br\/home\/wp-json\/wp\/v2\/media?parent=140"}],"curies":[{"name":"wp","href":"https:\/\/api.w.org\/{rel}","templated":true}]}}