{"id":114,"date":"2022-04-07T16:58:03","date_gmt":"2022-04-07T19:58:03","guid":{"rendered":"http:\/\/localhost\/fgh\/?page_id=114"},"modified":"2024-08-07T17:36:12","modified_gmt":"2024-08-07T20:36:12","slug":"hospitais","status":"publish","type":"page","link":"https:\/\/fghsaude.org.br\/home\/servicos\/hospitais\/","title":{"rendered":"Hospitais"},"content":{"rendered":"\n<p>Os hospitais s\u00e3o servi\u00e7os de sa\u00fade de m\u00e9dia e alta complexidade, que contam com atendimento especializado e respondem pela maior parte dos atendimentos, exames e procedimentos cir\u00fargicos realizados na rede p\u00fablica de sa\u00fade.<\/p>\n\n\n\n<p>Atualmente, a FGH responde pela gest\u00e3o de cinco hospitais, sendo tr\u00eas unidades metropolitanas, que contam com estrutura de urg\u00eancia e emerg\u00eancia, ambulat\u00f3rio, centro diagn\u00f3stico, terapia intensiva e bloco cir\u00fargico. O Hospital Pel\u00f3pidas Silveira, no Recife, o Hospital Miguel Arraes, em Paulista, e o Hospital Dom Helder C\u00e2mara, no Cabo de Santo Agostinho, foram constru\u00eddos a partir de 2009 e funcionam como parte de um cintur\u00e3o de atendimento de urg\u00eancia e emerg\u00eancia da Regi\u00e3o Metropolitana do Recife.<\/p>\n\n\n\n<p>Al\u00e9m deles, a FGH \u00e9 respons\u00e1vel pela gest\u00e3o do Hospital Alfa, localizado em Boa Viagem. A unidade, reinaugurado em 16 de abril de 2020, sob gest\u00e3o do Governo do Estado de Pernambuco, atuou, entre os nos de 2020 a 2022, como Hospital de Refer\u00eancia de Combate ao Covid-19. Desde dezembro de 2022, passou a integrar a rede p\u00fablica de sa\u00fade.<\/p>\n\n\n\n<p>J\u00e1 o Hospital Eduardo Campos da Pessoa Idosa \u00e9 um hospital municipal do Recife, que foi inaugurado em outubro de 2020 e atua como um servi\u00e7o especializado para a popula\u00e7\u00e3o idosa da cidade. Em sua estrutura, al\u00e9m de enfermaria e UTI, conta com atendimento ambulatorial e bloco cir\u00fargico para procedimentos de baixa e m\u00e9dia complexidade.<\/p>\n\n\n\n<p>Conhe\u00e7a nossos hospitais:<\/p>\n\n\n\n<p><a href=\"https:\/\/fghsaude.org.br\/home\/unidade\/hospital-eduardo-campos-da-pessoa-idosa\/\"><strong>Hospital Eduardo Campos da Pessoa Idosa<\/strong><\/a><\/p>\n\n\n\n<p><strong><a href=\"https:\/\/fghsaude.org.br\/home\/unidade\/hospital-dom-helder\/\">Hospital Dom Helder<\/a><\/strong><\/p>\n\n\n\n<p><strong><a href=\"https:\/\/fghsaude.org.br\/home\/unidade\/hospital-pelopidas-silveira\/\">Hospital Pel\u00f3pidas Silveira<\/a><\/strong><\/p>\n\n\n\n<p><strong><a href=\"https:\/\/fghsaude.org.br\/home\/unidade\/hospital-miguel-arraes\/\">Hospital Miguel Arraes<\/a><\/strong><\/p>\n\n\n\n<p><strong><a href=\"https:\/\/fghsaude.org.br\/home\/unidade\/hospital-alfa\/\">Hospital Alfa<\/a><\/strong><\/p>\n","protected":false},"excerpt":{"rendered":"<p>Servi\u00e7os de sa\u00fade de m\u00e9dia e alta complexidade, que contam com atendimento especializado em urg\u00eancia e consultas ambulatoriais, exames e procedimentos cir\u00fargicos.<\/p>\n","protected":false},"author":1,"featured_media":33,"parent":16,"menu_order":0,"comment_status":"closed","ping_status":"closed","template":"sub-servicos.php","meta":{"footnotes":""},"class_list":["post-114","page","type-page","status-publish","has-post-thumbnail","hentry"],"yoast_head":"<!-- This site is optimized with the Yoast SEO plugin v27.3 - https:\/\/yoast.com\/product\/yoast-seo-wordpress\/ -->\n<title>Hospitais - FGH \/ Funda&ccedil;&atilde;o Gest&atilde;o Hospitalar Martiniano Fernandes<\/title>\n<meta name=\"robots\" content=\"index, follow, max-snippet:-1, max-image-preview:large, max-video-preview:-1\" \/>\n<link rel=\"canonical\" href=\"https:\/\/fghsaude.org.br\/home\/servicos\/hospitais\/\" \/>\n<meta property=\"og:locale\" content=\"pt_BR\" \/>\n<meta property=\"og:type\" content=\"article\" \/>\n<meta property=\"og:title\" content=\"Hospitais - FGH \/ Funda&ccedil;&atilde;o Gest&atilde;o Hospitalar Martiniano Fernandes\" \/>\n<meta property=\"og:description\" content=\"Servi\u00e7os de sa\u00fade de m\u00e9dia e alta complexidade, que contam com atendimento especializado em urg\u00eancia e consultas ambulatoriais, exames e procedimentos cir\u00fargicos.\" \/>\n<meta property=\"og:url\" content=\"https:\/\/fghsaude.org.br\/home\/servicos\/hospitais\/\" \/>\n<meta property=\"og:site_name\" content=\"FGH \/ Funda&ccedil;&atilde;o Gest&atilde;o Hospitalar Martiniano Fernandes\" \/>\n<meta property=\"article:modified_time\" content=\"2024-08-07T20:36:12+00:00\" \/>\n<meta property=\"og:image\" content=\"https:\/\/fghsaude.org.br\/home\/wp-content\/uploads\/2022\/04\/bg-topo-interna.jpg\" \/>\n\t<meta property=\"og:image:width\" content=\"1920\" \/>\n\t<meta property=\"og:image:height\" content=\"264\" \/>\n\t<meta property=\"og:image:type\" content=\"image\/jpeg\" \/>\n<meta name=\"twitter:card\" content=\"summary_large_image\" \/>\n<meta name=\"twitter:label1\" content=\"Est. tempo de leitura\" \/>\n\t<meta name=\"twitter:data1\" content=\"2 minutos\" \/>\n<script type=\"application\/ld+json\" class=\"yoast-schema-graph\">{\"@context\":\"https:\\\/\\\/schema.org\",\"@graph\":[{\"@type\":\"WebPage\",\"@id\":\"https:\\\/\\\/fghsaude.org.br\\\/home\\\/servicos\\\/hospitais\\\/\",\"url\":\"https:\\\/\\\/fghsaude.org.br\\\/home\\\/servicos\\\/hospitais\\\/\",\"name\":\"Hospitais - FGH \\\/ Funda&ccedil;&atilde;o Gest&atilde;o Hospitalar Martiniano Fernandes\",\"isPartOf\":{\"@id\":\"https:\\\/\\\/fghsaude.org.br\\\/home\\\/#website\"},\"primaryImageOfPage\":{\"@id\":\"https:\\\/\\\/fghsaude.org.br\\\/home\\\/servicos\\\/hospitais\\\/#primaryimage\"},\"image\":{\"@id\":\"https:\\\/\\\/fghsaude.org.br\\\/home\\\/servicos\\\/hospitais\\\/#primaryimage\"},\"thumbnailUrl\":\"https:\\\/\\\/fghsaude.org.br\\\/home\\\/wp-content\\\/uploads\\\/2022\\\/04\\\/bg-topo-interna.jpg\",\"datePublished\":\"2022-04-07T19:58:03+00:00\",\"dateModified\":\"2024-08-07T20:36:12+00:00\",\"breadcrumb\":{\"@id\":\"https:\\\/\\\/fghsaude.org.br\\\/home\\\/servicos\\\/hospitais\\\/#breadcrumb\"},\"inLanguage\":\"pt-BR\",\"potentialAction\":[{\"@type\":\"ReadAction\",\"target\":[\"https:\\\/\\\/fghsaude.org.br\\\/home\\\/servicos\\\/hospitais\\\/\"]}]},{\"@type\":\"ImageObject\",\"inLanguage\":\"pt-BR\",\"@id\":\"https:\\\/\\\/fghsaude.org.br\\\/home\\\/servicos\\\/hospitais\\\/#primaryimage\",\"url\":\"https:\\\/\\\/fghsaude.org.br\\\/home\\\/wp-content\\\/uploads\\\/2022\\\/04\\\/bg-topo-interna.jpg\",\"contentUrl\":\"https:\\\/\\\/fghsaude.org.br\\\/home\\\/wp-content\\\/uploads\\\/2022\\\/04\\\/bg-topo-interna.jpg\",\"width\":1920,\"height\":264},{\"@type\":\"BreadcrumbList\",\"@id\":\"https:\\\/\\\/fghsaude.org.br\\\/home\\\/servicos\\\/hospitais\\\/#breadcrumb\",\"itemListElement\":[{\"@type\":\"ListItem\",\"position\":1,\"name\":\"In\u00edcio\",\"item\":\"https:\\\/\\\/fghsaude.org.br\\\/home\\\/\"},{\"@type\":\"ListItem\",\"position\":2,\"name\":\"Servi\u00e7os\",\"item\":\"https:\\\/\\\/fghsaude.org.br\\\/home\\\/servicos\\\/\"},{\"@type\":\"ListItem\",\"position\":3,\"name\":\"Hospitais\"}]},{\"@type\":\"WebSite\",\"@id\":\"https:\\\/\\\/fghsaude.org.br\\\/home\\\/#website\",\"url\":\"https:\\\/\\\/fghsaude.org.br\\\/home\\\/\",\"name\":\"FGH \\\/ Funda&ccedil;&atilde;o Gest&atilde;o Hospitalar Martiniano Fernandes\",\"description\":\"Site da Funda&ccedil;&atilde;o Gest&atilde;o Hospitalar Martiniano Fernandes\",\"publisher\":{\"@id\":\"https:\\\/\\\/fghsaude.org.br\\\/home\\\/#organization\"},\"potentialAction\":[{\"@type\":\"SearchAction\",\"target\":{\"@type\":\"EntryPoint\",\"urlTemplate\":\"https:\\\/\\\/fghsaude.org.br\\\/home\\\/?s={search_term_string}\"},\"query-input\":{\"@type\":\"PropertyValueSpecification\",\"valueRequired\":true,\"valueName\":\"search_term_string\"}}],\"inLanguage\":\"pt-BR\"},{\"@type\":\"Organization\",\"@id\":\"https:\\\/\\\/fghsaude.org.br\\\/home\\\/#organization\",\"name\":\"FGH \\\/ Funda&ccedil;&atilde;o Gest&atilde;o Hospitalar Martiniano Fernandes\",\"url\":\"https:\\\/\\\/fghsaude.org.br\\\/home\\\/\",\"logo\":{\"@type\":\"ImageObject\",\"inLanguage\":\"pt-BR\",\"@id\":\"https:\\\/\\\/fghsaude.org.br\\\/home\\\/#\\\/schema\\\/logo\\\/image\\\/\",\"url\":\"https:\\\/\\\/fghsaude.org.br\\\/home\\\/wp-content\\\/uploads\\\/2022\\\/11\\\/logotipo.png\",\"contentUrl\":\"https:\\\/\\\/fghsaude.org.br\\\/home\\\/wp-content\\\/uploads\\\/2022\\\/11\\\/logotipo.png\",\"width\":182,\"height\":47,\"caption\":\"FGH \\\/ Funda&ccedil;&atilde;o Gest&atilde;o Hospitalar Martiniano Fernandes\"},\"image\":{\"@id\":\"https:\\\/\\\/fghsaude.org.br\\\/home\\\/#\\\/schema\\\/logo\\\/image\\\/\"},\"sameAs\":[\"https:\\\/\\\/www.instagram.com\\\/fghsaude\\\/\"]}]}<\/script>\n<!-- \/ Yoast SEO plugin. -->","yoast_head_json":{"title":"Hospitais - FGH \/ Funda&ccedil;&atilde;o Gest&atilde;o Hospitalar Martiniano Fernandes","robots":{"index":"index","follow":"follow","max-snippet":"max-snippet:-1","max-image-preview":"max-image-preview:large","max-video-preview":"max-video-preview:-1"},"canonical":"https:\/\/fghsaude.org.br\/home\/servicos\/hospitais\/","og_locale":"pt_BR","og_type":"article","og_title":"Hospitais - FGH \/ Funda&ccedil;&atilde;o Gest&atilde;o Hospitalar Martiniano Fernandes","og_description":"Servi\u00e7os de sa\u00fade de m\u00e9dia e alta complexidade, que contam com atendimento especializado em urg\u00eancia e consultas ambulatoriais, exames e procedimentos cir\u00fargicos.","og_url":"https:\/\/fghsaude.org.br\/home\/servicos\/hospitais\/","og_site_name":"FGH \/ Funda&ccedil;&atilde;o Gest&atilde;o Hospitalar Martiniano Fernandes","article_modified_time":"2024-08-07T20:36:12+00:00","og_image":[{"width":1920,"height":264,"url":"https:\/\/fghsaude.org.br\/home\/wp-content\/uploads\/2022\/04\/bg-topo-interna.jpg","type":"image\/jpeg"}],"twitter_card":"summary_large_image","twitter_misc":{"Est. tempo de leitura":"2 minutos"},"schema":{"@context":"https:\/\/schema.org","@graph":[{"@type":"WebPage","@id":"https:\/\/fghsaude.org.br\/home\/servicos\/hospitais\/","url":"https:\/\/fghsaude.org.br\/home\/servicos\/hospitais\/","name":"Hospitais - FGH \/ Funda&ccedil;&atilde;o Gest&atilde;o Hospitalar Martiniano Fernandes","isPartOf":{"@id":"https:\/\/fghsaude.org.br\/home\/#website"},"primaryImageOfPage":{"@id":"https:\/\/fghsaude.org.br\/home\/servicos\/hospitais\/#primaryimage"},"image":{"@id":"https:\/\/fghsaude.org.br\/home\/servicos\/hospitais\/#primaryimage"},"thumbnailUrl":"https:\/\/fghsaude.org.br\/home\/wp-content\/uploads\/2022\/04\/bg-topo-interna.jpg","datePublished":"2022-04-07T19:58:03+00:00","dateModified":"2024-08-07T20:36:12+00:00","breadcrumb":{"@id":"https:\/\/fghsaude.org.br\/home\/servicos\/hospitais\/#breadcrumb"},"inLanguage":"pt-BR","potentialAction":[{"@type":"ReadAction","target":["https:\/\/fghsaude.org.br\/home\/servicos\/hospitais\/"]}]},{"@type":"ImageObject","inLanguage":"pt-BR","@id":"https:\/\/fghsaude.org.br\/home\/servicos\/hospitais\/#primaryimage","url":"https:\/\/fghsaude.org.br\/home\/wp-content\/uploads\/2022\/04\/bg-topo-interna.jpg","contentUrl":"https:\/\/fghsaude.org.br\/home\/wp-content\/uploads\/2022\/04\/bg-topo-interna.jpg","width":1920,"height":264},{"@type":"BreadcrumbList","@id":"https:\/\/fghsaude.org.br\/home\/servicos\/hospitais\/#breadcrumb","itemListElement":[{"@type":"ListItem","position":1,"name":"In\u00edcio","item":"https:\/\/fghsaude.org.br\/home\/"},{"@type":"ListItem","position":2,"name":"Servi\u00e7os","item":"https:\/\/fghsaude.org.br\/home\/servicos\/"},{"@type":"ListItem","position":3,"name":"Hospitais"}]},{"@type":"WebSite","@id":"https:\/\/fghsaude.org.br\/home\/#website","url":"https:\/\/fghsaude.org.br\/home\/","name":"FGH \/ Funda&ccedil;&atilde;o Gest&atilde;o Hospitalar Martiniano Fernandes","description":"Site da Funda&ccedil;&atilde;o Gest&atilde;o Hospitalar Martiniano Fernandes","publisher":{"@id":"https:\/\/fghsaude.org.br\/home\/#organization"},"potentialAction":[{"@type":"SearchAction","target":{"@type":"EntryPoint","urlTemplate":"https:\/\/fghsaude.org.br\/home\/?s={search_term_string}"},"query-input":{"@type":"PropertyValueSpecification","valueRequired":true,"valueName":"search_term_string"}}],"inLanguage":"pt-BR"},{"@type":"Organization","@id":"https:\/\/fghsaude.org.br\/home\/#organization","name":"FGH \/ Funda&ccedil;&atilde;o Gest&atilde;o Hospitalar Martiniano Fernandes","url":"https:\/\/fghsaude.org.br\/home\/","logo":{"@type":"ImageObject","inLanguage":"pt-BR","@id":"https:\/\/fghsaude.org.br\/home\/#\/schema\/logo\/image\/","url":"https:\/\/fghsaude.org.br\/home\/wp-content\/uploads\/2022\/11\/logotipo.png","contentUrl":"https:\/\/fghsaude.org.br\/home\/wp-content\/uploads\/2022\/11\/logotipo.png","width":182,"height":47,"caption":"FGH \/ Funda&ccedil;&atilde;o Gest&atilde;o Hospitalar Martiniano Fernandes"},"image":{"@id":"https:\/\/fghsaude.org.br\/home\/#\/schema\/logo\/image\/"},"sameAs":["https:\/\/www.instagram.com\/fghsaude\/"]}]}},"_links":{"self":[{"href":"https:\/\/fghsaude.org.br\/home\/wp-json\/wp\/v2\/pages\/114","targetHints":{"allow":["GET"]}}],"collection":[{"href":"https:\/\/fghsaude.org.br\/home\/wp-json\/wp\/v2\/pages"}],"about":[{"href":"https:\/\/fghsaude.org.br\/home\/wp-json\/wp\/v2\/types\/page"}],"author":[{"embeddable":true,"href":"https:\/\/fghsaude.org.br\/home\/wp-json\/wp\/v2\/users\/1"}],"replies":[{"embeddable":true,"href":"https:\/\/fghsaude.org.br\/home\/wp-json\/wp\/v2\/comments?post=114"}],"version-history":[{"count":22,"href":"https:\/\/fghsaude.org.br\/home\/wp-json\/wp\/v2\/pages\/114\/revisions"}],"predecessor-version":[{"id":3374,"href":"https:\/\/fghsaude.org.br\/home\/wp-json\/wp\/v2\/pages\/114\/revisions\/3374"}],"up":[{"embeddable":true,"href":"https:\/\/fghsaude.org.br\/home\/wp-json\/wp\/v2\/pages\/16"}],"wp:featuredmedia":[{"embeddable":true,"href":"https:\/\/fghsaude.org.br\/home\/wp-json\/wp\/v2\/media\/33"}],"wp:attachment":[{"href":"https:\/\/fghsaude.org.br\/home\/wp-json\/wp\/v2\/media?parent=114"}],"curies":[{"name":"wp","href":"https:\/\/api.w.org\/{rel}","templated":true}]}}